{"id":16,"date":"2025-04-24T15:21:43","date_gmt":"2025-04-24T15:21:43","guid":{"rendered":"https:\/\/beste-europa-umzuge.de\/about-us\/"},"modified":"2025-11-01T21:31:38","modified_gmt":"2025-11-01T19:31:38","slug":"uber-uns","status":"publish","type":"page","link":"https:\/\/beste-europa-umzuge.de\/en\/information-about-us\/","title":{"rendered":"About Us"},"content":{"rendered":"<div class=\"wp-block-uagb-container uagb-block-4c3875af alignfull uagb-is-root-container\"><div class=\"uagb-container-inner-blocks-wrap\">\n<div class=\"wp-block-uagb-advanced-heading uagb-block-36237826\"><h1 class=\"uagb-heading-text\">About Us<\/h1><\/div>\n<\/div><\/div>\n\n\n\n<div class=\"wp-block-uagb-container uagb-block-5cf03063 alignfull uagb-is-root-container\"><div class=\"uagb-container-inner-blocks-wrap\">\n<div class=\"wp-block-uagb-image alignleft uagb-block-6d75d68d wp-block-uagb-image--layout-default wp-block-uagb-image--effect-static wp-block-uagb-image--align-left\"><figure class=\"wp-block-uagb-image__figure\"><img decoding=\"async\" srcset=\"https:\/\/beste-europa-umzuge.de\/wp-content\/uploads\/2025\/10\/ChatGPT-Image-Jul-29-2025-06_16_18-PM-2-683x1024.png ,https:\/\/beste-europa-umzuge.de\/wp-content\/uploads\/2025\/10\/ChatGPT-Image-Jul-29-2025-06_16_18-PM-2.png 780w, https:\/\/beste-europa-umzuge.de\/wp-content\/uploads\/2025\/10\/ChatGPT-Image-Jul-29-2025-06_16_18-PM-2.png 360w\" sizes=\"auto, (max-width: 480px) 150px\" src=\"https:\/\/beste-europa-umzuge.de\/wp-content\/uploads\/2025\/10\/ChatGPT-Image-Jul-29-2025-06_16_18-PM-2-683x1024.png\" alt=\"\" class=\"uag-image-3798\" width=\"575\" height=\"747\" title=\"ChatGPT-Image-Jul-29-2025-06_16_18-PM (2)\" loading=\"lazy\" role=\"img\"\/><\/figure><\/div>\n\n\n\n<div class=\"wp-block-uagb-container uagb-block-05150e62\">\n<div class=\"wp-block-uagb-advanced-heading uagb-block-a2b3848d\"><h2 class=\"uagb-heading-text\"><strong>Service vor Ort \u2013 Beste Europa Umz\u00fcge<\/strong><\/h2><p class=\"uagb-desc-text\"><strong>Best European removals<\/strong> ist Ihr Spezialist f\u00fcr <strong>europaweite Umz\u00fcge und Transporte.<\/strong> Wir \u00fcbernehmen die komplette Organisation \u2013 vom <strong>Verpacken \u00fcber den Transport bis zur sicheren Lieferung.<\/strong> Unser erfahrenes Team sorgt daf\u00fcr, dass M\u00f6bel, Akten und Ger\u00e4te <strong>sicher, zuverl\u00e4ssig und termingerecht ankommen.<\/strong> F\u00fcr Ihren <strong>Europe relocation<\/strong> \u2013 vertrauen Sie auf <strong>Beste Europa Umz\u00fcge,<\/strong> Ihren <strong>zuverl\u00e4ssigen Partner f\u00fcr internationale Umz\u00fcge.<\/strong><\/p><\/div>\n<\/div>\n<\/div><\/div>\n\n\n\n<div class=\"wp-block-uagb-container uagb-block-qd2taihi alignfull uagb-is-root-container\"><div class=\"uagb-container-inner-blocks-wrap\">\n<div class=\"wp-block-uagb-info-box uagb-block-iz8lz3nx uagb-infobox__content-wrap  uagb-infobox-icon-above-title uagb-infobox-image-valign-top\"><div class=\"uagb-ifb-content\"><div class=\"uagb-ifb-title-wrap\"><h2 class=\"uagb-ifb-title\">Our philosophy<\/h2><\/div><p class=\"uagb-ifb-desc\">At <strong>Best European removals<\/strong> steht <strong>Qualit\u00e4t und Sorgfalt an erster Stelle.<\/strong> Jeder Umzug wird <strong>individuell geplant<\/strong> und mit <strong>Pr\u00e4zision, Erfahrung<\/strong><br>and <strong>reliability<\/strong> umgesetzt.<\/p><\/div><\/div>\n\n\n\n<div class=\"wp-block-uagb-info-box uagb-block-8ca01fe0 uagb-infobox__content-wrap  uagb-infobox-icon-above-title uagb-infobox-image-valign-top\"><div class=\"uagb-ifb-content\"><div class=\"uagb-ifb-title-wrap\"><h2 class=\"uagb-ifb-title\">Nah vor Ort<\/h2><\/div><p class=\"uagb-ifb-desc\">Wir sind t\u00e4glich in <strong>Deutschland und Europa<\/strong> im Einsatz. Unser erfahrenes Team kennt die Regionen und arbeitet<strong> flexibel, organisiert und professionell<\/strong> bei jedem Auftrag.<\/p><\/div><\/div>\n\n\n\n<div class=\"wp-block-uagb-info-box uagb-block-8d8e42ae uagb-infobox__content-wrap  uagb-infobox-icon-above-title uagb-infobox-image-valign-top\"><div class=\"uagb-ifb-content\"><div class=\"uagb-ifb-title-wrap\"><h2 class=\"uagb-ifb-title\">What sets us apart<\/h2><\/div><p class=\"uagb-ifb-desc\">\u2705 \u00dcber <strong>5 Jahre Erfahrung<\/strong> im europ\u00e4ischen Umzugssektor<br>\u2705 <strong>Spezialisierung auf europaweite Privat- und Firmenumz\u00fcge<\/strong><br>\u2705 <strong>Schnelle Terminvergabe<\/strong> and <strong>flexible L\u00f6sungen<\/strong><br>\u2705 <strong>Transparent pricing<\/strong> \u2013 keine versteckten Kosten<br>\u2705 <strong>Freundliches, professionelles Team<\/strong><\/p><\/div><\/div>\n\n\n\n<div class=\"wp-block-uagb-info-box uagb-block-7471a508 uagb-infobox__content-wrap  uagb-infobox-icon-above-title uagb-infobox-image-valign-top\"><div class=\"uagb-ifb-content\"><div class=\"uagb-ifb-title-wrap\"><h2 class=\"uagb-ifb-title\">Regionally rooted \u2013 active throughout Europe<\/h2><\/div><p class=\"uagb-ifb-desc\">Auch wenn unser Schwerpunkt in <strong>Deutschland<\/strong> liegt, f\u00fchren wir regelm\u00e4\u00dfig <strong>Umz\u00fcge in ganz Europa<\/strong> durch. Dank unseres Netzwerks bieten wir <strong>europaweite Transportl\u00f6sungen<\/strong> for <strong>private, gewerbliche und institutionelle Kunden.<\/strong> <strong>Best European removals<\/strong> verbindet <strong>regionale St\u00e4rke<\/strong> with<br><strong>internationaler Erfahrung<\/strong> \u2013 f\u00fcr einen <strong>reibungslosen Umzug \u00fcberall.<\/strong><\/p><\/div><\/div>\n\n\n\n<div class=\"wp-block-uagb-container uagb-block-ndowxzi7\"><\/div>\n<\/div><\/div>\n\n\n\n<div class=\"wp-block-uagb-container uagb-block-9caa1a47 alignfull uagb-is-root-container\"><div class=\"uagb-container-inner-blocks-wrap\">\n<div class=\"wp-block-uagb-advanced-heading uagb-block-3a57683f\"><h2 class=\"uagb-heading-text\">\ud83d\udcde Request additional cargo now &amp; save money<\/h2><\/div>\n\n\n\n<div class=\"wp-block-uagb-buttons uagb-buttons__outer-wrap uagb-btn__default-btn uagb-btn-tablet__default-btn uagb-btn-mobile__default-btn uagb-block-9979be0d\"><div class=\"uagb-buttons__wrap uagb-buttons-layout-wrap\">\n<div class=\"wp-block-uagb-buttons-child uagb-buttons__outer-wrap uagb-block-84fd34e5 wp-block-button\"><div class=\"uagb-button__wrapper\"><a class=\"uagb-buttons-repeater wp-block-button__link\" aria-label=\"\" href=\"https:\/\/beste-europa-umzuge.de\/en\/request-a-quote\/\" rel=\"follow noopener\" target=\"_self\" role=\"button\"><div class=\"uagb-button__link\">Request a quote<\/div><\/a><\/div><\/div>\n<\/div><\/div>\n\n\n\n<div class=\"wp-block-uagb-buttons uagb-buttons__outer-wrap uagb-btn__default-btn uagb-btn-tablet__default-btn uagb-btn-mobile__default-btn uagb-block-f7add131\"><div class=\"uagb-buttons__wrap uagb-buttons-layout-wrap\">\n<div class=\"wp-block-uagb-buttons-child uagb-buttons__outer-wrap uagb-block-0c11dd62 wp-block-button\"><div class=\"uagb-button__wrapper\"><a class=\"uagb-buttons-repeater wp-block-button__link\" aria-label=\"\" href=\"https:\/\/beste-europa-umzuge.de\/en\/quick-inquiry\/\" rel=\"follow noopener\" target=\"_self\" role=\"button\"><div class=\"uagb-button__link\">Quick request<\/div><\/a><\/div><\/div>\n<\/div><\/div>\n\n\n\n<div class=\"wp-block-uagb-buttons uagb-buttons__outer-wrap uagb-btn__default-btn uagb-btn-tablet__default-btn uagb-btn-mobile__default-btn uagb-block-fc4cb596\"><div class=\"uagb-buttons__wrap uagb-buttons-layout-wrap\">\n<div class=\"wp-block-uagb-buttons-child uagb-buttons__outer-wrap uagb-block-6d810b26 wp-block-button\"><div class=\"uagb-button__wrapper\"><a class=\"uagb-buttons-repeater wp-block-button__link\" aria-label=\"\" href=\"https:\/\/beste-europa-umzuge.de\/en\/get-in-touch\/\" rel=\"follow noopener\" target=\"_self\" role=\"button\"><div class=\"uagb-button__link\">Contact us<\/div><\/a><\/div><\/div>\n<\/div><\/div>\n\n\n\n<div class=\"wp-block-uagb-buttons uagb-buttons__outer-wrap uagb-btn__default-btn uagb-btn-tablet__default-btn uagb-btn-mobile__default-btn uagb-block-69da2b3b\"><div class=\"uagb-buttons__wrap uagb-buttons-layout-wrap\">\n<div class=\"wp-block-uagb-buttons-child uagb-buttons__outer-wrap uagb-block-1018754e wp-block-button\"><div class=\"uagb-button__wrapper\"><a class=\"uagb-buttons-repeater wp-block-button__link\" aria-label=\"\" href=\"https:\/\/beste-europa-umzuge.de\/en\/information-about-us\/\" rel=\"follow noopener\" target=\"_self\" role=\"button\"><div class=\"uagb-button__link\">About Us<\/div><\/a><\/div><\/div>\n<\/div><\/div>\n\n\n\n<div class=\"wp-block-uagb-advanced-heading uagb-block-838a0a13\"><div class=\"uagb-separator\"><\/div><h3 class=\"uagb-heading-text\">Free consultation? +49 162 5978461<\/h3><\/div>\n<\/div><\/div>","protected":false},"excerpt":{"rendered":"<p>\u00dcber uns Service vor Ort \u2013 Beste Europa Umz\u00fcge Beste Europa Umz\u00fcge ist Ihr Spezialist f\u00fcr europaweite Umz\u00fcge und Transporte. Wir \u00fcbernehmen die komplette Organisation \u2013 vom Verpacken \u00fcber den Transport bis zur sicheren Lieferung. Unser erfahrenes Team sorgt daf\u00fcr, dass M\u00f6bel, Akten und Ger\u00e4te sicher, zuverl\u00e4ssig und termingerecht ankommen. F\u00fcr Ihren Europa Umzug \u2013 [&hellip;]<\/p>","protected":false},"author":1,"featured_media":0,"parent":0,"menu_order":0,"comment_status":"closed","ping_status":"closed","template":"","meta":{"_uag_custom_page_level_css":"","site-sidebar-layout":"no-sidebar","site-content-layout":"plain-container","ast-site-content-layout":"full-width-container","site-content-style":"unboxed","site-sidebar-style":"unboxed","ast-global-header-display":"","ast-banner-title-visibility":"","ast-main-header-display":"","ast-hfb-above-header-display":"","ast-hfb-below-header-display":"","ast-hfb-mobile-header-display":"","site-post-title":"disabled","ast-breadcrumbs-content":"","ast-featured-img":"","footer-sml-layout":"","ast-disable-related-posts":"","theme-transparent-header-meta":"","adv-header-id-meta":"","stick-header-meta":"","header-above-stick-meta":"","header-main-stick-meta":"","header-below-stick-meta":"","astra-migrate-meta-layouts":"set","ast-page-background-enabled":"default","ast-page-background-meta":{"desktop":{"background-color":"var(--ast-global-color-4)","background-image":"","background-repeat":"repeat","background-position":"center center","background-size":"auto","background-attachment":"scroll","background-type":"","background-media":"","overlay-type":"","overlay-color":"","overlay-opacity":"","overlay-gradient":""},"tablet":{"background-color":"","background-image":"","background-repeat":"repeat","background-position":"center center","background-size":"auto","background-attachment":"scroll","background-type":"","background-media":"","overlay-type":"","overlay-color":"","overlay-opacity":"","overlay-gradient":""},"mobile":{"background-color":"","background-image":"","background-repeat":"repeat","background-position":"center center","background-size":"auto","background-attachment":"scroll","background-type":"","background-media":"","overlay-type":"","overlay-color":"","overlay-opacity":"","overlay-gradient":""}},"ast-content-background-meta":{"desktop":{"background-color":"var(--ast-global-color-5)","background-image":"","background-repeat":"repeat","background-position":"center center","background-size":"auto","background-attachment":"scroll","background-type":"","background-media":"","overlay-type":"","overlay-color":"","overlay-opacity":"","overlay-gradient":""},"tablet":{"background-color":"var(--ast-global-color-5)","background-image":"","background-repeat":"repeat","background-position":"center center","background-size":"auto","background-attachment":"scroll","background-type":"","background-media":"","overlay-type":"","overlay-color":"","overlay-opacity":"","overlay-gradient":""},"mobile":{"background-color":"var(--ast-global-color-5)","background-image":"","background-repeat":"repeat","background-position":"center center","background-size":"auto","background-attachment":"scroll","background-type":"","background-media":"","overlay-type":"","overlay-color":"","overlay-opacity":"","overlay-gradient":""}},"footnotes":""},"class_list":["post-16","page","type-page","status-publish","hentry"],"yoast_head":"<!-- This site is optimized with the Yoast SEO plugin v27.4 - https:\/\/yoast.com\/product\/yoast-seo-wordpress\/ -->\n<title>\u00dcber uns \u2013 Beste Europa Umz\u00fcge | Ihr Partner f\u00fcr europaweite Umz\u00fcge<\/title>\n<meta name=\"description\" content=\"Lernen Sie Beste Europa Umz\u00fcge kennen \u2013 Ihr erfahrener Partner f\u00fcr stressfreie, sichere und professionelle Umz\u00fcge in ganz Europa. Qualit\u00e4t, Vertrauen und Service.\" \/>\n<meta name=\"robots\" content=\"index, follow, max-snippet:-1, max-image-preview:large, max-video-preview:-1\" \/>\n<link rel=\"canonical\" href=\"https:\/\/beste-europa-umzuge.de\/en\/information-about-us\/\" \/>\n<meta property=\"og:locale\" content=\"en_GB\" \/>\n<meta property=\"og:type\" content=\"article\" \/>\n<meta property=\"og:title\" content=\"\u00dcber uns \u2013 Beste Europa Umz\u00fcge | Ihr Partner f\u00fcr europaweite Umz\u00fcge\" \/>\n<meta property=\"og:description\" content=\"Lernen Sie Beste Europa Umz\u00fcge kennen \u2013 Ihr erfahrener Partner f\u00fcr stressfreie, sichere und professionelle Umz\u00fcge in ganz Europa. Qualit\u00e4t, Vertrauen und Service.\" \/>\n<meta property=\"og:url\" content=\"https:\/\/beste-europa-umzuge.de\/en\/information-about-us\/\" \/>\n<meta property=\"og:site_name\" content=\"Beste Europa Umz\u00fcge \u2013 Ihr zuverl\u00e4ssiger Partner f\u00fcr europaweite Umz\u00fcge\" \/>\n<meta property=\"article:modified_time\" content=\"2025-11-01T19:31:38+00:00\" \/>\n<meta property=\"og:image\" content=\"https:\/\/beste-europa-umzuge.de\/wp-content\/uploads\/2025\/10\/ChatGPT-Image-Jul-29-2025-06_16_18-PM-2-683x1024.png\" \/>\n<meta name=\"twitter:card\" content=\"summary_large_image\" \/>\n<meta name=\"twitter:label1\" content=\"Estimated reading time\" \/>\n\t<meta name=\"twitter:data1\" content=\"3 minutes\" \/>\n<script type=\"application\/ld+json\" class=\"yoast-schema-graph\">{\"@context\":\"https:\\\/\\\/schema.org\",\"@graph\":[{\"@type\":\"WebPage\",\"@id\":\"https:\\\/\\\/beste-europa-umzuge.de\\\/uber-uns\\\/\",\"url\":\"https:\\\/\\\/beste-europa-umzuge.de\\\/uber-uns\\\/\",\"name\":\"\u00dcber uns \u2013 Beste Europa Umz\u00fcge | Ihr Partner f\u00fcr europaweite Umz\u00fcge\",\"isPartOf\":{\"@id\":\"https:\\\/\\\/beste-europa-umzuge.de\\\/#website\"},\"primaryImageOfPage\":{\"@id\":\"https:\\\/\\\/beste-europa-umzuge.de\\\/uber-uns\\\/#primaryimage\"},\"image\":{\"@id\":\"https:\\\/\\\/beste-europa-umzuge.de\\\/uber-uns\\\/#primaryimage\"},\"thumbnailUrl\":\"https:\\\/\\\/beste-europa-umzuge.de\\\/wp-content\\\/uploads\\\/2025\\\/10\\\/ChatGPT-Image-Jul-29-2025-06_16_18-PM-2-683x1024.png\",\"datePublished\":\"2025-04-24T15:21:43+00:00\",\"dateModified\":\"2025-11-01T19:31:38+00:00\",\"description\":\"Lernen Sie Beste Europa Umz\u00fcge kennen \u2013 Ihr erfahrener Partner f\u00fcr stressfreie, sichere und professionelle Umz\u00fcge in ganz Europa. Qualit\u00e4t, Vertrauen und Service.\",\"breadcrumb\":{\"@id\":\"https:\\\/\\\/beste-europa-umzuge.de\\\/uber-uns\\\/#breadcrumb\"},\"inLanguage\":\"en-GB\",\"potentialAction\":[{\"@type\":\"ReadAction\",\"target\":[\"https:\\\/\\\/beste-europa-umzuge.de\\\/uber-uns\\\/\"]}]},{\"@type\":\"ImageObject\",\"inLanguage\":\"en-GB\",\"@id\":\"https:\\\/\\\/beste-europa-umzuge.de\\\/uber-uns\\\/#primaryimage\",\"url\":\"https:\\\/\\\/beste-europa-umzuge.de\\\/wp-content\\\/uploads\\\/2025\\\/10\\\/ChatGPT-Image-Jul-29-2025-06_16_18-PM-2-683x1024.png\",\"contentUrl\":\"https:\\\/\\\/beste-europa-umzuge.de\\\/wp-content\\\/uploads\\\/2025\\\/10\\\/ChatGPT-Image-Jul-29-2025-06_16_18-PM-2-683x1024.png\"},{\"@type\":\"BreadcrumbList\",\"@id\":\"https:\\\/\\\/beste-europa-umzuge.de\\\/uber-uns\\\/#breadcrumb\",\"itemListElement\":[{\"@type\":\"ListItem\",\"position\":1,\"name\":\"Startseite\",\"item\":\"https:\\\/\\\/beste-europa-umzuge.de\\\/\"},{\"@type\":\"ListItem\",\"position\":2,\"name\":\"\u00dcber uns\"}]},{\"@type\":\"WebSite\",\"@id\":\"https:\\\/\\\/beste-europa-umzuge.de\\\/#website\",\"url\":\"https:\\\/\\\/beste-europa-umzuge.de\\\/\",\"name\":\"Beste Europa Umz\u00fcge \u2013 Ihr zuverl\u00e4ssiger Partner f\u00fcr europaweite Umz\u00fcge\",\"description\":\"Sicher, professionell und stressfrei umziehen \u2013 \u00fcberall in Europa.\",\"publisher\":{\"@id\":\"https:\\\/\\\/beste-europa-umzuge.de\\\/#organization\"},\"potentialAction\":[{\"@type\":\"SearchAction\",\"target\":{\"@type\":\"EntryPoint\",\"urlTemplate\":\"https:\\\/\\\/beste-europa-umzuge.de\\\/?s={search_term_string}\"},\"query-input\":{\"@type\":\"PropertyValueSpecification\",\"valueRequired\":true,\"valueName\":\"search_term_string\"}}],\"inLanguage\":\"en-GB\"},{\"@type\":\"Organization\",\"@id\":\"https:\\\/\\\/beste-europa-umzuge.de\\\/#organization\",\"name\":\"Beste Europa Umz\u00fcge \u2013 Ihr zuverl\u00e4ssiger Partner f\u00fcr europaweite Umz\u00fcge\",\"url\":\"https:\\\/\\\/beste-europa-umzuge.de\\\/\",\"logo\":{\"@type\":\"ImageObject\",\"inLanguage\":\"en-GB\",\"@id\":\"https:\\\/\\\/beste-europa-umzuge.de\\\/#\\\/schema\\\/logo\\\/image\\\/\",\"url\":\"https:\\\/\\\/beste-europa-umzuge.de\\\/wp-content\\\/uploads\\\/2025\\\/11\\\/cropped-f3c0fe3b1fccd2b55c775e50699457ffafe6a4d5bfbd312195273a4581563f28.png\",\"contentUrl\":\"https:\\\/\\\/beste-europa-umzuge.de\\\/wp-content\\\/uploads\\\/2025\\\/11\\\/cropped-f3c0fe3b1fccd2b55c775e50699457ffafe6a4d5bfbd312195273a4581563f28.png\",\"width\":1535,\"height\":512,\"caption\":\"Beste Europa Umz\u00fcge \u2013 Ihr zuverl\u00e4ssiger Partner f\u00fcr europaweite Umz\u00fcge\"},\"image\":{\"@id\":\"https:\\\/\\\/beste-europa-umzuge.de\\\/#\\\/schema\\\/logo\\\/image\\\/\"}}]}<\/script>\n<!-- \/ Yoast SEO plugin. -->","yoast_head_json":{"title":"\u00dcber uns \u2013 Beste Europa Umz\u00fcge | Ihr Partner f\u00fcr europaweite Umz\u00fcge","description":"Lernen Sie Beste Europa Umz\u00fcge kennen \u2013 Ihr erfahrener Partner f\u00fcr stressfreie, sichere und professionelle Umz\u00fcge in ganz Europa. Qualit\u00e4t, Vertrauen und Service.","robots":{"index":"index","follow":"follow","max-snippet":"max-snippet:-1","max-image-preview":"max-image-preview:large","max-video-preview":"max-video-preview:-1"},"canonical":"https:\/\/beste-europa-umzuge.de\/en\/information-about-us\/","og_locale":"en_GB","og_type":"article","og_title":"\u00dcber uns \u2013 Beste Europa Umz\u00fcge | Ihr Partner f\u00fcr europaweite Umz\u00fcge","og_description":"Lernen Sie Beste Europa Umz\u00fcge kennen \u2013 Ihr erfahrener Partner f\u00fcr stressfreie, sichere und professionelle Umz\u00fcge in ganz Europa. Qualit\u00e4t, Vertrauen und Service.","og_url":"https:\/\/beste-europa-umzuge.de\/en\/information-about-us\/","og_site_name":"Beste Europa Umz\u00fcge \u2013 Ihr zuverl\u00e4ssiger Partner f\u00fcr europaweite Umz\u00fcge","article_modified_time":"2025-11-01T19:31:38+00:00","og_image":[{"url":"https:\/\/beste-europa-umzuge.de\/wp-content\/uploads\/2025\/10\/ChatGPT-Image-Jul-29-2025-06_16_18-PM-2-683x1024.png","type":"","width":"","height":""}],"twitter_card":"summary_large_image","twitter_misc":{"Estimated reading time":"3 minutes"},"schema":{"@context":"https:\/\/schema.org","@graph":[{"@type":"WebPage","@id":"https:\/\/beste-europa-umzuge.de\/uber-uns\/","url":"https:\/\/beste-europa-umzuge.de\/uber-uns\/","name":"\u00dcber uns \u2013 Beste Europa Umz\u00fcge | Ihr Partner f\u00fcr europaweite Umz\u00fcge","isPartOf":{"@id":"https:\/\/beste-europa-umzuge.de\/#website"},"primaryImageOfPage":{"@id":"https:\/\/beste-europa-umzuge.de\/uber-uns\/#primaryimage"},"image":{"@id":"https:\/\/beste-europa-umzuge.de\/uber-uns\/#primaryimage"},"thumbnailUrl":"https:\/\/beste-europa-umzuge.de\/wp-content\/uploads\/2025\/10\/ChatGPT-Image-Jul-29-2025-06_16_18-PM-2-683x1024.png","datePublished":"2025-04-24T15:21:43+00:00","dateModified":"2025-11-01T19:31:38+00:00","description":"Lernen Sie Beste Europa Umz\u00fcge kennen \u2013 Ihr erfahrener Partner f\u00fcr stressfreie, sichere und professionelle Umz\u00fcge in ganz Europa. Qualit\u00e4t, Vertrauen und Service.","breadcrumb":{"@id":"https:\/\/beste-europa-umzuge.de\/uber-uns\/#breadcrumb"},"inLanguage":"en-GB","potentialAction":[{"@type":"ReadAction","target":["https:\/\/beste-europa-umzuge.de\/uber-uns\/"]}]},{"@type":"ImageObject","inLanguage":"en-GB","@id":"https:\/\/beste-europa-umzuge.de\/uber-uns\/#primaryimage","url":"https:\/\/beste-europa-umzuge.de\/wp-content\/uploads\/2025\/10\/ChatGPT-Image-Jul-29-2025-06_16_18-PM-2-683x1024.png","contentUrl":"https:\/\/beste-europa-umzuge.de\/wp-content\/uploads\/2025\/10\/ChatGPT-Image-Jul-29-2025-06_16_18-PM-2-683x1024.png"},{"@type":"BreadcrumbList","@id":"https:\/\/beste-europa-umzuge.de\/uber-uns\/#breadcrumb","itemListElement":[{"@type":"ListItem","position":1,"name":"Startseite","item":"https:\/\/beste-europa-umzuge.de\/"},{"@type":"ListItem","position":2,"name":"\u00dcber uns"}]},{"@type":"WebSite","@id":"https:\/\/beste-europa-umzuge.de\/#website","url":"https:\/\/beste-europa-umzuge.de\/","name":"Best Europe Removals \u2013 Your reliable partner for removals throughout Europe","description":"Move safely, professionally and stress-free \u2013 anywhere in Europe.","publisher":{"@id":"https:\/\/beste-europa-umzuge.de\/#organization"},"potentialAction":[{"@type":"SearchAction","target":{"@type":"EntryPoint","urlTemplate":"https:\/\/beste-europa-umzuge.de\/?s={search_term_string}"},"query-input":{"@type":"PropertyValueSpecification","valueRequired":true,"valueName":"search_term_string"}}],"inLanguage":"en-GB"},{"@type":"Organization","@id":"https:\/\/beste-europa-umzuge.de\/#organization","name":"Best Europe Removals \u2013 Your reliable partner for removals throughout Europe","url":"https:\/\/beste-europa-umzuge.de\/","logo":{"@type":"ImageObject","inLanguage":"en-GB","@id":"https:\/\/beste-europa-umzuge.de\/#\/schema\/logo\/image\/","url":"https:\/\/beste-europa-umzuge.de\/wp-content\/uploads\/2025\/11\/cropped-f3c0fe3b1fccd2b55c775e50699457ffafe6a4d5bfbd312195273a4581563f28.png","contentUrl":"https:\/\/beste-europa-umzuge.de\/wp-content\/uploads\/2025\/11\/cropped-f3c0fe3b1fccd2b55c775e50699457ffafe6a4d5bfbd312195273a4581563f28.png","width":1535,"height":512,"caption":"Beste Europa Umz\u00fcge \u2013 Ihr zuverl\u00e4ssiger Partner f\u00fcr europaweite Umz\u00fcge"},"image":{"@id":"https:\/\/beste-europa-umzuge.de\/#\/schema\/logo\/image\/"}}]}},"_hostinger_reach_plugin_has_subscription_block":false,"_hostinger_reach_plugin_is_elementor":false,"uagb_featured_image_src":{"full":false,"thumbnail":false,"medium":false,"medium_large":false,"large":false,"1536x1536":false,"2048x2048":false,"trp-custom-language-flag":false},"uagb_author_info":{"display_name":"emilkemal4@gmail.com","author_link":"https:\/\/beste-europa-umzuge.de\/en\/author\/emilkemal4gmail-com\/"},"uagb_comment_info":0,"uagb_excerpt":"\u00dcber uns Service vor Ort \u2013 Beste Europa Umz\u00fcge Beste Europa Umz\u00fcge ist Ihr Spezialist f\u00fcr europaweite Umz\u00fcge und Transporte. Wir \u00fcbernehmen die komplette Organisation \u2013 vom Verpacken \u00fcber den Transport bis zur sicheren Lieferung. Unser erfahrenes Team sorgt daf\u00fcr, dass M\u00f6bel, Akten und Ger\u00e4te sicher, zuverl\u00e4ssig und termingerecht ankommen. F\u00fcr Ihren Europa Umzug \u2013&hellip;","_links":{"self":[{"href":"https:\/\/beste-europa-umzuge.de\/en\/wp-json\/wp\/v2\/pages\/16","targetHints":{"allow":["GET"]}}],"collection":[{"href":"https:\/\/beste-europa-umzuge.de\/en\/wp-json\/wp\/v2\/pages"}],"about":[{"href":"https:\/\/beste-europa-umzuge.de\/en\/wp-json\/wp\/v2\/types\/page"}],"author":[{"embeddable":true,"href":"https:\/\/beste-europa-umzuge.de\/en\/wp-json\/wp\/v2\/users\/1"}],"replies":[{"embeddable":true,"href":"https:\/\/beste-europa-umzuge.de\/en\/wp-json\/wp\/v2\/comments?post=16"}],"version-history":[{"count":46,"href":"https:\/\/beste-europa-umzuge.de\/en\/wp-json\/wp\/v2\/pages\/16\/revisions"}],"predecessor-version":[{"id":4176,"href":"https:\/\/beste-europa-umzuge.de\/en\/wp-json\/wp\/v2\/pages\/16\/revisions\/4176"}],"wp:attachment":[{"href":"https:\/\/beste-europa-umzuge.de\/en\/wp-json\/wp\/v2\/media?parent=16"}],"curies":[{"name":"wp","href":"https:\/\/api.w.org\/{rel}","templated":true}]}}