{"id":3877,"date":"2025-10-23T00:25:43","date_gmt":"2025-10-22T22:25:43","guid":{"rendered":"https:\/\/beste-europa-umzuge.de\/?page_id=3877"},"modified":"2025-10-23T00:25:44","modified_gmt":"2025-10-22T22:25:44","slug":"cookie-richtlinie-eu","status":"publish","type":"page","link":"https:\/\/beste-europa-umzuge.de\/ru\/\u043f\u043e\u043b\u0438\u0442\u0438\u043a\u0430-\u0435\u0441-\u0432-\u043e\u0442\u043d\u043e\u0448\u0435\u043d\u0438\u0438-\u0444\u0430\u0439\u043b\u043e\u0432-cookie-2\/","title":{"rendered":"\u041f\u043e\u043b\u0438\u0442\u0438\u043a\u0430 \u0432 \u043e\u0442\u043d\u043e\u0448\u0435\u043d\u0438\u0438 \u0444\u0430\u0439\u043b\u043e\u0432 cookie (\u0415\u0421)"},"content":{"rendered":"<h1 class=\"wp-block-heading\"><strong>\u041f\u043e\u043b\u0438\u0442\u0438\u043a\u0430 \u0432 \u043e\u0442\u043d\u043e\u0448\u0435\u043d\u0438\u0438 \u0444\u0430\u0439\u043b\u043e\u0432 cookie (\u0415\u0421)<\/strong><\/h1>\n\n\n\n<p>Diese Cookie-Richtlinie wurde zuletzt am <strong>01\/12\/2025<\/strong> aktualisiert und gilt f\u00fcr B\u00fcrger und Einwohner mit st\u00e4ndigem Wohnsitz im Europ\u00e4ischen Wirtschaftsraum und der Schweiz.<\/p>\n\n\n\n<hr class=\"wp-block-separator has-alpha-channel-opacity\"\/>\n\n\n\n<h3 class=\"wp-block-heading\"><strong>1. \u0412\u0432\u0435\u0434\u0435\u043d\u0438\u0435<\/strong><\/h3>\n\n\n\n<p>\u041d\u0430\u0448 \u0441\u0430\u0439\u0442, <a href=\"https:\/\/beste-europa-umzuge.de\/ru\/\">https:\/\/beste-europa-umzuge.de\/<\/a> (im Folgenden: <strong>\u201edie Website\u201c<\/strong>), verwendet Cookies und \u00e4hnliche Technologien (der Einfachheit halber werden all diese unter \u201eCookies\u201c zusammengefasst). Cookies werden au\u00dferdem von uns beauftragten Drittparteien platziert.<\/p>\n\n\n\n<p>In diesem Dokument informieren wir dich \u00fcber die Verwendung von Cookies auf unserer Website.<\/p>\n\n\n\n<hr class=\"wp-block-separator has-alpha-channel-opacity\"\/>\n\n\n\n<h3 class=\"wp-block-heading\"><strong>2. \u0427\u0442\u043e \u0442\u0430\u043a\u043e\u0435 \u0444\u0430\u0439\u043b\u044b cookie?<\/strong><\/h3>\n\n\n\n<p>Ein Cookie ist eine kleine Datei, die gemeinsam mit den Seiten einer Internetadresse gesendet und vom Browser auf deinem Ger\u00e4t gespeichert wird. Die darin gespeicherten Informationen k\u00f6nnen bei sp\u00e4teren Besuchen wieder an unsere Server oder an die Server der betreffenden Drittanbieter \u00fcbermittelt werden.<\/p>\n\n\n\n<hr class=\"wp-block-separator has-alpha-channel-opacity\"\/>\n\n\n\n<h3 class=\"wp-block-heading\"><strong>3. \u0427\u0442\u043e \u0442\u0430\u043a\u043e\u0435 \u0441\u0446\u0435\u043d\u0430\u0440\u0438\u0438?<\/strong><\/h3>\n\n\n\n<p>Ein Skript ist ein St\u00fcck Programmcode, das genutzt wird, um unserer Website Funktionalit\u00e4t und Interaktivit\u00e4t zu erm\u00f6glichen. Dieser Code wird auf unseren Servern oder auf deinem Ger\u00e4t ausgef\u00fchrt.<\/p>\n\n\n\n<hr class=\"wp-block-separator has-alpha-channel-opacity\"\/>\n\n\n\n<h3 class=\"wp-block-heading\"><strong>4. \u0427\u0442\u043e \u0442\u0430\u043a\u043e\u0435 \u0432\u0435\u0431-\u043c\u0430\u044f\u043a?<\/strong><\/h3>\n\n\n\n<p>Ein Web Beacon (auch Pixel-Tag genannt) ist ein kleines unsichtbares Text- oder Bildelement auf einer Website, das benutzt wird, um den Website-Verkehr zu analysieren. \u00dcber Web-Beacons k\u00f6nnen bestimmte Daten von dir gespeichert werden.<\/p>\n\n\n\n<hr class=\"wp-block-separator has-alpha-channel-opacity\"\/>\n\n\n\n<h3 class=\"wp-block-heading\"><strong>5. \u0424\u0430\u0439\u043b\u044b cookie<\/strong><\/h3>\n\n\n\n<h4 class=\"wp-block-heading\"><strong>5.1 \u0422\u0435\u0445\u043d\u0438\u0447\u0435\u0441\u043a\u0438\u0435 \u0438\u043b\u0438 \u0444\u0443\u043d\u043a\u0446\u0438\u043e\u043d\u0430\u043b\u044c\u043d\u044b\u0435 \u0444\u0430\u0439\u043b\u044b cookie<\/strong><\/h4>\n\n\n\n<p>Diese Cookies stellen sicher, dass bestimmte Teile der Website ordnungsgem\u00e4\u00df funktionieren und deine Benutzereinstellungen gespeichert bleiben.<\/p>\n\n\n\n<p>Durch funktionale Cookies erleichtern wir dir den Besuch unserer Website \u2013 z. B. bleiben deine Pr\u00e4ferenzen oder Formulareingaben gespeichert.<\/p>\n\n\n\n<h4 class=\"wp-block-heading\"><strong>5.2 Statistik-Cookies<\/strong><\/h4>\n\n\n\n<p>Diese anonymen Cookies helfen uns zu verstehen, wie Besucher unsere Website nutzen, um die Benutzererfahrung stetig zu verbessern.<\/p>\n\n\n\n<h4 class=\"wp-block-heading\"><strong>5.3 Marketing- \/ Tracking-Cookies<\/strong><\/h4>\n\n\n\n<p>Marketing-Cookies werden verwendet, um Besucher \u00fcber mehrere Websites hinweg zu verfolgen. Ziel ist, relevante Werbung zu zeigen und die Effektivit\u00e4t unserer Kampagnen zu messen.<\/p>\n\n\n\n<h4 class=\"wp-block-heading\"><strong>5.4 Soziale Medien<\/strong><\/h4>\n\n\n\n<p>Auf unserer Website sind Inhalte von Drittanbietern wie Facebook, Instagram, LinkedIn oder WhatsApp eingebunden. Diese Dienste k\u00f6nnen eigene Cookies setzen, um Interaktionen (z. B. Likes oder Shares) zu erm\u00f6glichen.<\/p>\n\n\n\n<p>Bitte lies die jeweiligen Datenschutzerkl\u00e4rungen dieser Plattformen, um mehr \u00fcber deren Umgang mit personenbezogenen Daten zu erfahren.<\/p>\n\n\n\n<hr class=\"wp-block-separator has-alpha-channel-opacity\"\/>\n\n\n\n<h3 class=\"wp-block-heading\"><strong>6. \u0424\u0430\u0439\u043b\u044b cookie \u0440\u0430\u0437\u043c\u0435\u0449\u0435\u043d\u044b<\/strong><\/h3>\n\n\n\n<h4 class=\"wp-block-heading\"><strong>Elementor (Statistik \u2013 anonym)<\/strong><\/h4>\n\n\n\n<p>Verwendung: Erstellung und Verwaltung von Website-Inhalten<\/p>\n\n\n\n<p>Speicherung: Aktionen der Benutzer auf der Website<\/p>\n\n\n\n<p>Datenweitergabe: Keine<\/p>\n\n\n\n<h4 class=\"wp-block-heading\"><strong>WordPress (Funktional)<\/strong><\/h4>\n\n\n\n<p>Verwendung: Website-Basisfunktionen und Benutzerpr\u00e4ferenzen<\/p>\n\n\n\n<p>Datenweitergabe: Keine<\/p>\n\n\n\n<h4 class=\"wp-block-heading\"><strong>Complianz (Cookie-Einwilligungssystem)<\/strong><\/h4>\n\n\n\n<p>Verwendung: Verwaltung der Cookie-Zustimmungen<\/p>\n\n\n\n<p>Datenweitergabe: Keine<\/p>\n\n\n\n<hr class=\"wp-block-separator has-alpha-channel-opacity\"\/>\n\n\n\n<h3 class=\"wp-block-heading\"><strong>7. \u0421\u043e\u0433\u043b\u0430\u0441\u0438\u0435<\/strong><\/h3>\n\n\n\n<p>Wenn du unsere Website das erste Mal besuchst, zeigen wir dir ein Pop-up mit einer Erkl\u00e4rung zu Cookies.<\/p>\n\n\n\n<p>Sobald du auf <strong>\u201eEinstellungen speichern\u201c<\/strong> klickst, stimmst du der Nutzung der gew\u00e4hlten Cookie-Kategorien zu.<\/p>\n\n\n\n<p>Du kannst Cookies \u00fcber die Einstellungen deines Browsers jederzeit deaktivieren, jedoch kann die Website dann m\u00f6glicherweise nicht ordnungsgem\u00e4\u00df funktionieren.<\/p>\n\n\n\n<hr class=\"wp-block-separator has-alpha-channel-opacity\"\/>\n\n\n\n<h3 class=\"wp-block-heading\"><strong>8. \u0410\u043a\u0442\u0438\u0432\u0430\u0446\u0438\u044f\/\u0434\u0435\u0430\u043a\u0442\u0438\u0432\u0430\u0446\u0438\u044f \u0438 \u0443\u0434\u0430\u043b\u0435\u043d\u0438\u0435 \u0444\u0430\u0439\u043b\u043e\u0432 cookie<\/strong><\/h3>\n\n\n\n<p>Du kannst deinen Internetbrowser verwenden, um Cookies manuell oder automatisch zu l\u00f6schen.<\/p>\n\n\n\n<p>Du kannst au\u00dferdem festlegen, dass bestimmte Cookies nicht gesetzt werden d\u00fcrfen.<\/p>\n\n\n\n<p>Weitere Informationen findest du im Hilfebereich deines Browsers.<\/p>\n\n\n\n<p>Bitte beachte, dass bei vollst\u00e4ndiger Deaktivierung von Cookies unsere Website eventuell nicht korrekt funktioniert.<\/p>\n\n\n\n<hr class=\"wp-block-separator has-alpha-channel-opacity\"\/>\n\n\n\n<h3 class=\"wp-block-heading\"><strong>9. \u0412\u0430\u0448\u0438 \u043f\u0440\u0430\u0432\u0430 \u0432 \u043e\u0442\u043d\u043e\u0448\u0435\u043d\u0438\u0438 \u043f\u0435\u0440\u0441\u043e\u043d\u0430\u043b\u044c\u043d\u044b\u0445 \u0434\u0430\u043d\u043d\u044b\u0445<\/strong><\/h3>\n\n\n\n<p>\u0423 \u0432\u0430\u0441 \u0435\u0441\u0442\u044c \u0441\u043b\u0435\u0434\u0443\u044e\u0449\u0438\u0435 \u043f\u0440\u0430\u0432\u0430 \u0432 \u043e\u0442\u043d\u043e\u0448\u0435\u043d\u0438\u0438 \u0432\u0430\u0448\u0438\u0445 \u043f\u0435\u0440\u0441\u043e\u043d\u0430\u043b\u044c\u043d\u044b\u0445 \u0434\u0430\u043d\u043d\u044b\u0445:<\/p>\n\n\n\n<ul class=\"wp-block-list\">\n<li>Recht auf Auskunft \u2013 zu erfahren, warum deine Daten ben\u00f6tigt werden und wie sie verwendet werden<\/li>\n\n\n\n<li>Recht auf Berichtigung oder L\u00f6schung<\/li>\n\n\n\n<li>Recht, deine Einwilligung jederzeit zu widerrufen<\/li>\n\n\n\n<li>Recht auf Daten\u00fcbertragbarkeit<\/li>\n\n\n\n<li>Widerspruchsrecht gegen die Verarbeitung<\/li>\n<\/ul>\n\n\n\n<p>Wenn du diese Rechte aus\u00fcben m\u00f6chtest, kontaktiere uns bitte \u00fcber die unten angegebenen Kontaktdaten.<\/p>\n\n\n\n<hr class=\"wp-block-separator has-alpha-channel-opacity\"\/>\n\n\n\n<h3 class=\"wp-block-heading\"><strong>10. \u041a\u043e\u043d\u0442\u0430\u043a\u0442\u043d\u044b\u0435 \u0434\u0430\u043d\u043d\u044b\u0435<\/strong><\/h3>\n\n\n\n<p>F\u00fcr Fragen und\/oder Kommentare zu unserer Cookie-Richtlinie kontaktiere uns bitte unter:<\/p>\n\n\n\n<p><strong>Praktik Transport und Umz\u00fcge<\/strong><\/p>\n\n\n\n<p>\u0428\u0442\u0440\u043e\u043c\u0448\u0442\u0440\u0430\u0441\u0441\u0435 21 10551 \u0411\u0435\u0440\u043b\u0438\u043d<\/p>\n\n\n\n<p>\ud83d\udce7 E-Mail: praktiktransport@gmail.com<\/p>\n\n\n\n<p>\ud83d\udcde Telefon: +49 1625978461<\/p>\n\n\n\n<p>\ud83c\udf10 Website: <a href=\"https:\/\/besteumzugunternehme.de\/\">https:\/\/besteumzugunternehme.de\/<\/a><\/p>\n\n\n\n<p>Diese Cookie-Richtlinie wurde zuletzt am <strong>18\/10\/2025<\/strong> \u0441 <strong>cookiedatabase.org<\/strong> synchronisiert.<\/p>\n\n\n\n<p><\/p>","protected":false},"excerpt":{"rendered":"<p>Cookie-Richtlinie (EU) Diese Cookie-Richtlinie wurde zuletzt am 01\/12\/2025 aktualisiert und gilt f\u00fcr B\u00fcrger und Einwohner mit st\u00e4ndigem Wohnsitz im Europ\u00e4ischen Wirtschaftsraum und der Schweiz. 1. Einf\u00fchrung Unsere Website, https:\/\/beste-europa-umzuge.de\/ (im Folgenden: \u201edie Website\u201c), verwendet Cookies und \u00e4hnliche Technologien (der Einfachheit halber werden all diese unter \u201eCookies\u201c zusammengefasst). Cookies werden au\u00dferdem von uns beauftragten Drittparteien platziert. [&hellip;]<\/p>","protected":false},"author":1,"featured_media":0,"parent":0,"menu_order":0,"comment_status":"closed","ping_status":"closed","template":"","meta":{"_uag_custom_page_level_css":"","site-sidebar-layout":"default","site-content-layout":"","ast-site-content-layout":"default","site-content-style":"default","site-sidebar-style":"default","ast-global-header-display":"","ast-banner-title-visibility":"","ast-main-header-display":"","ast-hfb-above-header-display":"","ast-hfb-below-header-display":"","ast-hfb-mobile-header-display":"","site-post-title":"disabled","ast-breadcrumbs-content":"","ast-featured-img":"","footer-sml-layout":"","ast-disable-related-posts":"","theme-transparent-header-meta":"","adv-header-id-meta":"","stick-header-meta":"","header-above-stick-meta":"","header-main-stick-meta":"","header-below-stick-meta":"","astra-migrate-meta-layouts":"set","ast-page-background-enabled":"default","ast-page-background-meta":{"desktop":{"background-color":"var(--ast-global-color-4)","background-image":"","background-repeat":"repeat","background-position":"center center","background-size":"auto","background-attachment":"scroll","background-type":"","background-media":"","overlay-type":"","overlay-color":"","overlay-opacity":"","overlay-gradient":""},"tablet":{"background-color":"","background-image":"","background-repeat":"repeat","background-position":"center center","background-size":"auto","background-attachment":"scroll","background-type":"","background-media":"","overlay-type":"","overlay-color":"","overlay-opacity":"","overlay-gradient":""},"mobile":{"background-color":"","background-image":"","background-repeat":"repeat","background-position":"center center","background-size":"auto","background-attachment":"scroll","background-type":"","background-media":"","overlay-type":"","overlay-color":"","overlay-opacity":"","overlay-gradient":""}},"ast-content-background-meta":{"desktop":{"background-color":"var(--ast-global-color-5)","background-image":"","background-repeat":"repeat","background-position":"center center","background-size":"auto","background-attachment":"scroll","background-type":"","background-media":"","overlay-type":"","overlay-color":"","overlay-opacity":"","overlay-gradient":""},"tablet":{"background-color":"var(--ast-global-color-5)","background-image":"","background-repeat":"repeat","background-position":"center center","background-size":"auto","background-attachment":"scroll","background-type":"","background-media":"","overlay-type":"","overlay-color":"","overlay-opacity":"","overlay-gradient":""},"mobile":{"background-color":"var(--ast-global-color-5)","background-image":"","background-repeat":"repeat","background-position":"center center","background-size":"auto","background-attachment":"scroll","background-type":"","background-media":"","overlay-type":"","overlay-color":"","overlay-opacity":"","overlay-gradient":""}},"footnotes":""},"class_list":["post-3877","page","type-page","status-publish","hentry"],"yoast_head":"<!-- This site is optimized with the Yoast SEO plugin v27.4 - https:\/\/yoast.com\/product\/yoast-seo-wordpress\/ -->\n<title>Cookie-Richtlinie (EU) - Beste Europa Umz\u00fcge \u2013 Ihr zuverl\u00e4ssiger Partner f\u00fcr europaweite Umz\u00fcge<\/title>\n<meta name=\"robots\" content=\"index, follow, max-snippet:-1, max-image-preview:large, max-video-preview:-1\" \/>\n<link rel=\"canonical\" href=\"https:\/\/beste-europa-umzuge.de\/ru\/\u043f\u043e\u043b\u0438\u0442\u0438\u043a\u0430-\u0435\u0441-\u0432-\u043e\u0442\u043d\u043e\u0448\u0435\u043d\u0438\u0438-\u0444\u0430\u0439\u043b\u043e\u0432-cookie-2\/\" \/>\n<meta property=\"og:locale\" content=\"ru_RU\" \/>\n<meta property=\"og:type\" content=\"article\" \/>\n<meta property=\"og:title\" content=\"Cookie-Richtlinie (EU) - Beste Europa Umz\u00fcge \u2013 Ihr zuverl\u00e4ssiger Partner f\u00fcr europaweite Umz\u00fcge\" \/>\n<meta property=\"og:description\" content=\"Cookie-Richtlinie (EU) Diese Cookie-Richtlinie wurde zuletzt am 01\/12\/2025 aktualisiert und gilt f\u00fcr B\u00fcrger und Einwohner mit st\u00e4ndigem Wohnsitz im Europ\u00e4ischen Wirtschaftsraum und der Schweiz. 1. Einf\u00fchrung Unsere Website, https:\/\/beste-europa-umzuge.de\/ (im Folgenden: \u201edie Website\u201c), verwendet Cookies und \u00e4hnliche Technologien (der Einfachheit halber werden all diese unter \u201eCookies\u201c zusammengefasst). Cookies werden au\u00dferdem von uns beauftragten Drittparteien platziert. [&hellip;]\" \/>\n<meta property=\"og:url\" content=\"https:\/\/beste-europa-umzuge.de\/ru\/\u043f\u043e\u043b\u0438\u0442\u0438\u043a\u0430-\u0435\u0441-\u0432-\u043e\u0442\u043d\u043e\u0448\u0435\u043d\u0438\u0438-\u0444\u0430\u0439\u043b\u043e\u0432-cookie-2\/\" \/>\n<meta property=\"og:site_name\" content=\"Beste Europa Umz\u00fcge \u2013 Ihr zuverl\u00e4ssiger Partner f\u00fcr europaweite Umz\u00fcge\" \/>\n<meta property=\"article:modified_time\" content=\"2025-10-22T22:25:44+00:00\" \/>\n<meta name=\"twitter:card\" content=\"summary_large_image\" \/>\n<meta name=\"twitter:label1\" content=\"\u041f\u0440\u0438\u043c\u0435\u0440\u043d\u043e\u0435 \u0432\u0440\u0435\u043c\u044f \u0434\u043b\u044f \u0447\u0442\u0435\u043d\u0438\u044f\" \/>\n\t<meta name=\"twitter:data1\" content=\"4 \u043c\u0438\u043d\u0443\u0442\u044b\" \/>\n<script type=\"application\/ld+json\" class=\"yoast-schema-graph\">{\"@context\":\"https:\\\/\\\/schema.org\",\"@graph\":[{\"@type\":\"WebPage\",\"@id\":\"https:\\\/\\\/beste-europa-umzuge.de\\\/cookie-richtlinie-eu\\\/\",\"url\":\"https:\\\/\\\/beste-europa-umzuge.de\\\/cookie-richtlinie-eu\\\/\",\"name\":\"Cookie-Richtlinie (EU) - Beste Europa Umz\u00fcge \u2013 Ihr zuverl\u00e4ssiger Partner f\u00fcr europaweite Umz\u00fcge\",\"isPartOf\":{\"@id\":\"https:\\\/\\\/beste-europa-umzuge.de\\\/#website\"},\"datePublished\":\"2025-10-22T22:25:43+00:00\",\"dateModified\":\"2025-10-22T22:25:44+00:00\",\"breadcrumb\":{\"@id\":\"https:\\\/\\\/beste-europa-umzuge.de\\\/cookie-richtlinie-eu\\\/#breadcrumb\"},\"inLanguage\":\"ru-RU\",\"potentialAction\":[{\"@type\":\"ReadAction\",\"target\":[\"https:\\\/\\\/beste-europa-umzuge.de\\\/cookie-richtlinie-eu\\\/\"]}]},{\"@type\":\"BreadcrumbList\",\"@id\":\"https:\\\/\\\/beste-europa-umzuge.de\\\/cookie-richtlinie-eu\\\/#breadcrumb\",\"itemListElement\":[{\"@type\":\"ListItem\",\"position\":1,\"name\":\"Startseite\",\"item\":\"https:\\\/\\\/beste-europa-umzuge.de\\\/\"},{\"@type\":\"ListItem\",\"position\":2,\"name\":\"Cookie-Richtlinie (EU)\"}]},{\"@type\":\"WebSite\",\"@id\":\"https:\\\/\\\/beste-europa-umzuge.de\\\/#website\",\"url\":\"https:\\\/\\\/beste-europa-umzuge.de\\\/\",\"name\":\"Beste Europa Umz\u00fcge \u2013 Ihr zuverl\u00e4ssiger Partner f\u00fcr europaweite Umz\u00fcge\",\"description\":\"Sicher, professionell und stressfrei umziehen \u2013 \u00fcberall in Europa.\",\"publisher\":{\"@id\":\"https:\\\/\\\/beste-europa-umzuge.de\\\/#organization\"},\"potentialAction\":[{\"@type\":\"SearchAction\",\"target\":{\"@type\":\"EntryPoint\",\"urlTemplate\":\"https:\\\/\\\/beste-europa-umzuge.de\\\/?s={search_term_string}\"},\"query-input\":{\"@type\":\"PropertyValueSpecification\",\"valueRequired\":true,\"valueName\":\"search_term_string\"}}],\"inLanguage\":\"ru-RU\"},{\"@type\":\"Organization\",\"@id\":\"https:\\\/\\\/beste-europa-umzuge.de\\\/#organization\",\"name\":\"Beste Europa Umz\u00fcge \u2013 Ihr zuverl\u00e4ssiger Partner f\u00fcr europaweite Umz\u00fcge\",\"url\":\"https:\\\/\\\/beste-europa-umzuge.de\\\/\",\"logo\":{\"@type\":\"ImageObject\",\"inLanguage\":\"ru-RU\",\"@id\":\"https:\\\/\\\/beste-europa-umzuge.de\\\/#\\\/schema\\\/logo\\\/image\\\/\",\"url\":\"https:\\\/\\\/beste-europa-umzuge.de\\\/wp-content\\\/uploads\\\/2025\\\/11\\\/cropped-f3c0fe3b1fccd2b55c775e50699457ffafe6a4d5bfbd312195273a4581563f28.png\",\"contentUrl\":\"https:\\\/\\\/beste-europa-umzuge.de\\\/wp-content\\\/uploads\\\/2025\\\/11\\\/cropped-f3c0fe3b1fccd2b55c775e50699457ffafe6a4d5bfbd312195273a4581563f28.png\",\"width\":1535,\"height\":512,\"caption\":\"Beste Europa Umz\u00fcge \u2013 Ihr zuverl\u00e4ssiger Partner f\u00fcr europaweite Umz\u00fcge\"},\"image\":{\"@id\":\"https:\\\/\\\/beste-europa-umzuge.de\\\/#\\\/schema\\\/logo\\\/image\\\/\"}}]}<\/script>\n<!-- \/ Yoast SEO plugin. -->","yoast_head_json":{"title":"Cookie-Richtlinie (EU) - Beste Europa Umz\u00fcge \u2013 Ihr zuverl\u00e4ssiger Partner f\u00fcr europaweite Umz\u00fcge","robots":{"index":"index","follow":"follow","max-snippet":"max-snippet:-1","max-image-preview":"max-image-preview:large","max-video-preview":"max-video-preview:-1"},"canonical":"https:\/\/beste-europa-umzuge.de\/ru\/\u043f\u043e\u043b\u0438\u0442\u0438\u043a\u0430-\u0435\u0441-\u0432-\u043e\u0442\u043d\u043e\u0448\u0435\u043d\u0438\u0438-\u0444\u0430\u0439\u043b\u043e\u0432-cookie-2\/","og_locale":"ru_RU","og_type":"article","og_title":"Cookie-Richtlinie (EU) - Beste Europa Umz\u00fcge \u2013 Ihr zuverl\u00e4ssiger Partner f\u00fcr europaweite Umz\u00fcge","og_description":"Cookie-Richtlinie (EU) Diese Cookie-Richtlinie wurde zuletzt am 01\/12\/2025 aktualisiert und gilt f\u00fcr B\u00fcrger und Einwohner mit st\u00e4ndigem Wohnsitz im Europ\u00e4ischen Wirtschaftsraum und der Schweiz. 1. Einf\u00fchrung Unsere Website, https:\/\/beste-europa-umzuge.de\/ (im Folgenden: \u201edie Website\u201c), verwendet Cookies und \u00e4hnliche Technologien (der Einfachheit halber werden all diese unter \u201eCookies\u201c zusammengefasst). Cookies werden au\u00dferdem von uns beauftragten Drittparteien platziert. [&hellip;]","og_url":"https:\/\/beste-europa-umzuge.de\/ru\/\u043f\u043e\u043b\u0438\u0442\u0438\u043a\u0430-\u0435\u0441-\u0432-\u043e\u0442\u043d\u043e\u0448\u0435\u043d\u0438\u0438-\u0444\u0430\u0439\u043b\u043e\u0432-cookie-2\/","og_site_name":"Beste Europa Umz\u00fcge \u2013 Ihr zuverl\u00e4ssiger Partner f\u00fcr europaweite Umz\u00fcge","article_modified_time":"2025-10-22T22:25:44+00:00","twitter_card":"summary_large_image","twitter_misc":{"\u041f\u0440\u0438\u043c\u0435\u0440\u043d\u043e\u0435 \u0432\u0440\u0435\u043c\u044f \u0434\u043b\u044f \u0447\u0442\u0435\u043d\u0438\u044f":"4 \u043c\u0438\u043d\u0443\u0442\u044b"},"schema":{"@context":"https:\/\/schema.org","@graph":[{"@type":"WebPage","@id":"https:\/\/beste-europa-umzuge.de\/cookie-richtlinie-eu\/","url":"https:\/\/beste-europa-umzuge.de\/cookie-richtlinie-eu\/","name":"Cookie-Richtlinie (EU) - Beste Europa Umz\u00fcge \u2013 Ihr zuverl\u00e4ssiger Partner f\u00fcr europaweite Umz\u00fcge","isPartOf":{"@id":"https:\/\/beste-europa-umzuge.de\/#website"},"datePublished":"2025-10-22T22:25:43+00:00","dateModified":"2025-10-22T22:25:44+00:00","breadcrumb":{"@id":"https:\/\/beste-europa-umzuge.de\/cookie-richtlinie-eu\/#breadcrumb"},"inLanguage":"ru-RU","potentialAction":[{"@type":"ReadAction","target":["https:\/\/beste-europa-umzuge.de\/cookie-richtlinie-eu\/"]}]},{"@type":"BreadcrumbList","@id":"https:\/\/beste-europa-umzuge.de\/cookie-richtlinie-eu\/#breadcrumb","itemListElement":[{"@type":"ListItem","position":1,"name":"Startseite","item":"https:\/\/beste-europa-umzuge.de\/"},{"@type":"ListItem","position":2,"name":"Cookie-Richtlinie (EU)"}]},{"@type":"WebSite","@id":"https:\/\/beste-europa-umzuge.de\/#website","url":"https:\/\/beste-europa-umzuge.de\/","name":"Best Europe Removals \u2014 \u0432\u0430\u0448 \u043d\u0430\u0434\u0435\u0436\u043d\u044b\u0439 \u043f\u0430\u0440\u0442\u043d\u0435\u0440 \u043f\u043e \u043f\u0435\u0440\u0435\u0435\u0437\u0434\u0430\u043c \u043f\u043e \u0432\u0441\u0435\u0439 \u0415\u0432\u0440\u043e\u043f\u0435","description":"\u041f\u0435\u0440\u0435\u0435\u0437\u0436\u0430\u0439\u0442\u0435 \u0431\u0435\u0437\u043e\u043f\u0430\u0441\u043d\u043e, \u043f\u0440\u043e\u0444\u0435\u0441\u0441\u0438\u043e\u043d\u0430\u043b\u044c\u043d\u043e \u0438 \u0431\u0435\u0437 \u0441\u0442\u0440\u0435\u0441\u0441\u0430 \u2014 \u0432 \u043b\u044e\u0431\u0443\u044e \u0442\u043e\u0447\u043a\u0443 \u0415\u0432\u0440\u043e\u043f\u044b.","publisher":{"@id":"https:\/\/beste-europa-umzuge.de\/#organization"},"potentialAction":[{"@type":"SearchAction","target":{"@type":"EntryPoint","urlTemplate":"https:\/\/beste-europa-umzuge.de\/?s={search_term_string}"},"query-input":{"@type":"PropertyValueSpecification","valueRequired":true,"valueName":"search_term_string"}}],"inLanguage":"ru-RU"},{"@type":"Organization","@id":"https:\/\/beste-europa-umzuge.de\/#organization","name":"Best Europe Removals \u2014 \u0432\u0430\u0448 \u043d\u0430\u0434\u0435\u0436\u043d\u044b\u0439 \u043f\u0430\u0440\u0442\u043d\u0435\u0440 \u043f\u043e \u043f\u0435\u0440\u0435\u0435\u0437\u0434\u0430\u043c \u043f\u043e \u0432\u0441\u0435\u0439 \u0415\u0432\u0440\u043e\u043f\u0435","url":"https:\/\/beste-europa-umzuge.de\/","logo":{"@type":"ImageObject","inLanguage":"ru-RU","@id":"https:\/\/beste-europa-umzuge.de\/#\/schema\/logo\/image\/","url":"https:\/\/beste-europa-umzuge.de\/wp-content\/uploads\/2025\/11\/cropped-f3c0fe3b1fccd2b55c775e50699457ffafe6a4d5bfbd312195273a4581563f28.png","contentUrl":"https:\/\/beste-europa-umzuge.de\/wp-content\/uploads\/2025\/11\/cropped-f3c0fe3b1fccd2b55c775e50699457ffafe6a4d5bfbd312195273a4581563f28.png","width":1535,"height":512,"caption":"Beste Europa Umz\u00fcge \u2013 Ihr zuverl\u00e4ssiger Partner f\u00fcr europaweite Umz\u00fcge"},"image":{"@id":"https:\/\/beste-europa-umzuge.de\/#\/schema\/logo\/image\/"}}]}},"_hostinger_reach_plugin_has_subscription_block":false,"_hostinger_reach_plugin_is_elementor":false,"uagb_featured_image_src":{"full":false,"thumbnail":false,"medium":false,"medium_large":false,"large":false,"1536x1536":false,"2048x2048":false,"trp-custom-language-flag":false},"uagb_author_info":{"display_name":"emilkemal4@gmail.com","author_link":"https:\/\/beste-europa-umzuge.de\/ru\/author\/emilkemal4gmail-com\/"},"uagb_comment_info":0,"uagb_excerpt":"Cookie-Richtlinie (EU) Diese Cookie-Richtlinie wurde zuletzt am 01\/12\/2025 aktualisiert und gilt f\u00fcr B\u00fcrger und Einwohner mit st\u00e4ndigem Wohnsitz im Europ\u00e4ischen Wirtschaftsraum und der Schweiz. 1. Einf\u00fchrung Unsere Website, https:\/\/beste-europa-umzuge.de\/ (im Folgenden: \u201edie Website\u201c), verwendet Cookies und \u00e4hnliche Technologien (der Einfachheit halber werden all diese unter \u201eCookies\u201c zusammengefasst). Cookies werden au\u00dferdem von uns beauftragten Drittparteien platziert.&hellip;","_links":{"self":[{"href":"https:\/\/beste-europa-umzuge.de\/ru\/wp-json\/wp\/v2\/pages\/3877","targetHints":{"allow":["GET"]}}],"collection":[{"href":"https:\/\/beste-europa-umzuge.de\/ru\/wp-json\/wp\/v2\/pages"}],"about":[{"href":"https:\/\/beste-europa-umzuge.de\/ru\/wp-json\/wp\/v2\/types\/page"}],"author":[{"embeddable":true,"href":"https:\/\/beste-europa-umzuge.de\/ru\/wp-json\/wp\/v2\/users\/1"}],"replies":[{"embeddable":true,"href":"https:\/\/beste-europa-umzuge.de\/ru\/wp-json\/wp\/v2\/comments?post=3877"}],"version-history":[{"count":1,"href":"https:\/\/beste-europa-umzuge.de\/ru\/wp-json\/wp\/v2\/pages\/3877\/revisions"}],"predecessor-version":[{"id":3878,"href":"https:\/\/beste-europa-umzuge.de\/ru\/wp-json\/wp\/v2\/pages\/3877\/revisions\/3878"}],"wp:attachment":[{"href":"https:\/\/beste-europa-umzuge.de\/ru\/wp-json\/wp\/v2\/media?parent=3877"}],"curies":[{"name":"wp","href":"https:\/\/api.w.org\/{rel}","templated":true}]}}