{"id":1931,"date":"2025-04-25T16:04:04","date_gmt":"2025-04-25T16:04:04","guid":{"rendered":"https:\/\/beste-europa-umzuge.de\/?page_id=1931"},"modified":"2025-11-08T17:46:18","modified_gmt":"2025-11-08T15:46:18","slug":"fernumzuege-zuverlaessig-schnell-deutschlandweit-organisiert","status":"publish","type":"page","link":"https:\/\/beste-europa-umzuge.de\/tr\/yaslanma-karsiti-tedavi\/","title":{"rendered":"Fernumz\u00fcge \u2013 Zuverl\u00e4ssig, Schnell &#038; Deutschlandweit organisiert"},"content":{"rendered":"<div class=\"wp-block-uagb-container uagb-block-5451af51 alignfull uagb-is-root-container\"><div class=\"uagb-container-inner-blocks-wrap\">\n<div class=\"wp-block-uagb-advanced-heading uagb-block-f45ed1f8\"><h1 class=\"uagb-heading-text\"><br><strong>Fernumz\u00fcge ab <strong><strong>Europa<\/strong><\/strong><\/strong><\/h1><\/div>\n<\/div><\/div>\n\n\n\n<div class=\"wp-block-uagb-container uagb-block-wlmazrwo alignfull uagb-is-root-container\"><div class=\"uagb-container-inner-blocks-wrap\">\n<div class=\"wp-block-uagb-container uagb-block-0btjzulc alignfull uagb-is-root-container\"><div class=\"uagb-container-inner-blocks-wrap\">\n<div class=\"wp-block-uagb-image alignleft uagb-block-6xnwaqpe wp-block-uagb-image--layout-default wp-block-uagb-image--effect-static wp-block-uagb-image--align-left\"><figure class=\"wp-block-uagb-image__figure\"><img decoding=\"async\" srcset=\"https:\/\/beste-europa-umzuge.de\/wp-content\/uploads\/2025\/07\/Image_fx-18.png ,https:\/\/beste-europa-umzuge.de\/wp-content\/uploads\/2025\/07\/Image_fx-18.png 780w, https:\/\/beste-europa-umzuge.de\/wp-content\/uploads\/2025\/07\/Image_fx-18.png 360w\" sizes=\"auto, (max-width: 480px) 150px\" src=\"https:\/\/beste-europa-umzuge.de\/wp-content\/uploads\/2025\/07\/Image_fx-18.png\" alt=\"\" class=\"uag-image-2640\" width=\"564\" height=\"400\" title=\"Resim_fx-18\" loading=\"lazy\" role=\"img\"\/><\/figure><\/div>\n\n\n\n<div class=\"wp-block-uagb-container uagb-block-xrkfcv1q\">\n<div class=\"wp-block-uagb-info-box uagb-block-amettuy1 uagb-infobox__content-wrap  uagb-infobox-icon-above-title uagb-infobox-image-valign-top\"><div class=\"uagb-ifb-content\"><div class=\"uagb-ifb-title-wrap\"><h3 class=\"uagb-ifb-title\"><strong><strong>Avrupa&#039;da uzun mesafeli ta\u015f\u0131mac\u0131l\u0131k \u2013 Almanya genelinde g\u00fcvenilir, h\u0131zl\u0131 ve organize<\/strong><\/strong><\/h3><\/div><p class=\"uagb-ifb-desc\">A <strong>Kilometrelerce uzun mesafeli ta\u015f\u0131nma<\/strong> gereklilikler <strong>hassas planlama, deneyim ve g\u00fcven<\/strong> Yetkili bir nakliye \u015firketine. <strong>En iyi Avrupa nakliyatlar\u0131<\/strong> ba\u015far\u0131l\u0131 olur <strong>Avrupa \u00e7ap\u0131nda uzun mesafeli ta\u015f\u0131mac\u0131l\u0131k \u2013 g\u00fcvenilir, emniyetli ve profesyonelce organize edilmi\u015f.<\/strong> Bizim <strong>deneyimli ekip<\/strong> sizin <strong>Mobilya, ev aletleri ve ki\u015fisel e\u015fyalar zaman\u0131nda ve hasars\u0131z bir \u015fekilde teslim edilir<\/strong> \u2013 Almanya i\u00e7inde veya Avrupa genelinde ta\u015f\u0131nman\u0131z fark etmez. <strong>Uzun mesafe ve Avrupa ta\u015f\u0131mac\u0131l\u0131\u011f\u0131nda uzmanl\u0131k<\/strong> ne kadar \u00f6nemli oldu\u011funu biliyor muyuz <strong>yap\u0131land\u0131r\u0131lm\u0131\u015f s\u00fcre\u00e7 ve net ileti\u015fim<\/strong> her ad\u0131mda var.<\/p><\/div><\/div>\n<\/div>\n<\/div><\/div>\n<\/div><\/div>\n\n\n\n<div class=\"wp-block-uagb-container uagb-block-onenjlwh alignfull uagb-is-root-container\"><div class=\"uagb-container-inner-blocks-wrap\">\n<div class=\"wp-block-uagb-info-box uagb-block-kdw4sbfe uagb-infobox__content-wrap  uagb-infobox-icon-above-title uagb-infobox-image-valign-top\"><div class=\"uagb-ifb-content\"><div class=\"uagb-ifb-title-wrap\"><h2 class=\"uagb-ifb-title\">Strukturierte Planung &amp; professionelle Durchf\u00fchrung europaweit<\/h2><\/div><p class=\"uagb-ifb-desc\">A <strong>reibungsloser Fernumzug<\/strong> beginnt mit einer <strong>genauen Vorbereitung.<\/strong> <strong>En iyi Avrupa nakliyatlar\u0131<\/strong> erstellt gemeinsam mit Ihnen einen <strong>individuellen Zeit- und Ablaufplan<\/strong>, der perfekt zu Ihren Terminen und Anforderungen passt. Wir \u00fcbernehmen das <strong>sichere Verpacken, den Transport \u00fcber lange Distanzen und den sorgf\u00e4ltigen Aufbau am Zielort<\/strong> \u2013 alles aus einer Hand. Ob <strong>Privatumzug, Firmenumzug oder internationaler Transport<\/strong> \u2013 unser erfahrenes Personal arbeitet <strong>organisiert, effizient und termintreu.<\/strong> Auf Wunsch k\u00fcmmern wir uns auch um <strong>Sonderleistungen wie Montage, Entsorgung, Zwischenlagerung oder Renovierung<\/strong>, damit Sie sich um nichts k\u00fcmmern m\u00fcssen.<\/p><\/div><\/div>\n\n\n\n<div class=\"wp-block-uagb-info-box uagb-block-6f18b7a4 uagb-infobox__content-wrap  uagb-infobox-icon-above-title uagb-infobox-image-valign-top\"><div class=\"uagb-ifb-content\"><div class=\"uagb-ifb-title-wrap\"><h2 class=\"uagb-ifb-title\"><strong><strong>Europaweit sicher unterwegs \u2013 Ihr Partner f\u00fcr Fernumz\u00fcge ohne Grenzen<\/strong><\/strong><\/h2><\/div><p class=\"uagb-ifb-desc\">Bizim <strong>modernen Fahrzeuge, geschulten Mitarbeiter und durchdachte Logistik<\/strong> garantieren einen <strong>sicheren Transport \u00fcber jede Entfernung.<\/strong> Wir <strong>planen Routen pr\u00e4zise, minimieren Standzeiten<\/strong> und bieten <strong>transparente Preise ohne versteckte Kosten.<\/strong> Auch <strong>uluslararas\u0131 ta\u015f\u0131mac\u0131l\u0131k<\/strong> f\u00fchren wir zuverl\u00e4ssig durch \u2013 inklusive <strong>Kostenvoranschlag, Genehmigungsunterst\u00fctzung und kompletter Abwicklung.<\/strong> \u0130le <strong>En iyi Avrupa nakliyatlar\u0131<\/strong> entscheiden Sie sich f\u00fcr einen Partner, der <strong>Fernumz\u00fcge europaweit schnell, zuverl\u00e4ssig und professionell organisiert<\/strong> \u2013 f\u00fcr einen <strong>neuen Start ohne Stress und Verz\u00f6gerungen.<\/strong><\/p><\/div><\/div>\n<\/div><\/div>\n\n\n\n<div class=\"wp-block-uagb-container uagb-block-9caa1a47 alignfull uagb-is-root-container\"><div class=\"uagb-container-inner-blocks-wrap\">\n<div class=\"wp-block-uagb-advanced-heading uagb-block-3a57683f\"><h2 class=\"uagb-heading-text\">\ud83d\udcde \u015eimdi ek kargo talep edin ve tasarruf edin<\/h2><\/div>\n\n\n\n<div class=\"wp-block-uagb-buttons uagb-buttons__outer-wrap uagb-btn__default-btn uagb-btn-tablet__default-btn uagb-btn-mobile__default-btn uagb-block-9979be0d\"><div class=\"uagb-buttons__wrap uagb-buttons-layout-wrap\">\n<div class=\"wp-block-uagb-buttons-child uagb-buttons__outer-wrap uagb-block-84fd34e5 wp-block-button\"><div class=\"uagb-button__wrapper\"><a class=\"uagb-buttons-repeater wp-block-button__link\" aria-label=\"\" href=\"https:\/\/beste-europa-umzuge.de\/tr\/teklif-isteyin\/\" rel=\"follow noopener\" target=\"_self\" role=\"button\"><div class=\"uagb-button__link\">Teklif isteyin<\/div><\/a><\/div><\/div>\n<\/div><\/div>\n\n\n\n<div class=\"wp-block-uagb-buttons uagb-buttons__outer-wrap uagb-btn__default-btn uagb-btn-tablet__default-btn uagb-btn-mobile__default-btn uagb-block-f7add131\"><div class=\"uagb-buttons__wrap uagb-buttons-layout-wrap\">\n<div class=\"wp-block-uagb-buttons-child uagb-buttons__outer-wrap uagb-block-0c11dd62 wp-block-button\"><div class=\"uagb-button__wrapper\"><a class=\"uagb-buttons-repeater wp-block-button__link\" aria-label=\"\" href=\"https:\/\/beste-europa-umzuge.de\/tr\/hizli-sorgulama\/\" rel=\"follow noopener\" target=\"_self\" role=\"button\"><div class=\"uagb-button__link\">H\u0131zl\u0131 istek<\/div><\/a><\/div><\/div>\n<\/div><\/div>\n\n\n\n<div class=\"wp-block-uagb-buttons uagb-buttons__outer-wrap uagb-btn__default-btn uagb-btn-tablet__default-btn uagb-btn-mobile__default-btn uagb-block-fc4cb596\"><div class=\"uagb-buttons__wrap uagb-buttons-layout-wrap\">\n<div class=\"wp-block-uagb-buttons-child uagb-buttons__outer-wrap uagb-block-6d810b26 wp-block-button\"><div class=\"uagb-button__wrapper\"><a class=\"uagb-buttons-repeater wp-block-button__link\" aria-label=\"\" href=\"https:\/\/beste-europa-umzuge.de\/tr\/iletisime-gecin\/\" rel=\"follow noopener\" target=\"_self\" role=\"button\"><div class=\"uagb-button__link\">Bize Ula\u015f\u0131n<\/div><\/a><\/div><\/div>\n<\/div><\/div>\n\n\n\n<div class=\"wp-block-uagb-buttons uagb-buttons__outer-wrap uagb-btn__default-btn uagb-btn-tablet__default-btn uagb-btn-mobile__default-btn uagb-block-69da2b3b\"><div class=\"uagb-buttons__wrap uagb-buttons-layout-wrap\">\n<div class=\"wp-block-uagb-buttons-child uagb-buttons__outer-wrap uagb-block-1018754e wp-block-button\"><div class=\"uagb-button__wrapper\"><a class=\"uagb-buttons-repeater wp-block-button__link\" aria-label=\"\" href=\"https:\/\/beste-europa-umzuge.de\/tr\/hakkimizda-bilgi\/\" rel=\"follow noopener\" target=\"_self\" role=\"button\"><div class=\"uagb-button__link\">Hakk\u0131m\u0131zda<\/div><\/a><\/div><\/div>\n<\/div><\/div>\n\n\n\n<div class=\"wp-block-uagb-advanced-heading uagb-block-838a0a13\"><div class=\"uagb-separator\"><\/div><h3 class=\"uagb-heading-text\">\u00dccretsiz dan\u0131\u015fmanl\u0131k? +49 162 5978461<\/h3><\/div>\n<\/div><\/div>","protected":false},"excerpt":{"rendered":"<p>Fernumz\u00fcge ab Europa<\/p>","protected":false},"author":1,"featured_media":0,"parent":0,"menu_order":0,"comment_status":"closed","ping_status":"closed","template":"","meta":{"_uag_custom_page_level_css":"","site-sidebar-layout":"default","site-content-layout":"","ast-site-content-layout":"default","site-content-style":"default","site-sidebar-style":"default","ast-global-header-display":"","ast-banner-title-visibility":"","ast-main-header-display":"","ast-hfb-above-header-display":"","ast-hfb-below-header-display":"","ast-hfb-mobile-header-display":"","site-post-title":"disabled","ast-breadcrumbs-content":"","ast-featured-img":"","footer-sml-layout":"","ast-disable-related-posts":"","theme-transparent-header-meta":"","adv-header-id-meta":"","stick-header-meta":"","header-above-stick-meta":"","header-main-stick-meta":"","header-below-stick-meta":"","astra-migrate-meta-layouts":"set","ast-page-background-enabled":"default","ast-page-background-meta":{"desktop":{"background-color":"var(--ast-global-color-4)","background-image":"","background-repeat":"repeat","background-position":"center center","background-size":"auto","background-attachment":"scroll","background-type":"","background-media":"","overlay-type":"","overlay-color":"","overlay-opacity":"","overlay-gradient":""},"tablet":{"background-color":"","background-image":"","background-repeat":"repeat","background-position":"center center","background-size":"auto","background-attachment":"scroll","background-type":"","background-media":"","overlay-type":"","overlay-color":"","overlay-opacity":"","overlay-gradient":""},"mobile":{"background-color":"","background-image":"","background-repeat":"repeat","background-position":"center center","background-size":"auto","background-attachment":"scroll","background-type":"","background-media":"","overlay-type":"","overlay-color":"","overlay-opacity":"","overlay-gradient":""}},"ast-content-background-meta":{"desktop":{"background-color":"var(--ast-global-color-5)","background-image":"","background-repeat":"repeat","background-position":"center center","background-size":"auto","background-attachment":"scroll","background-type":"","background-media":"","overlay-type":"","overlay-color":"","overlay-opacity":"","overlay-gradient":""},"tablet":{"background-color":"var(--ast-global-color-5)","background-image":"","background-repeat":"repeat","background-position":"center center","background-size":"auto","background-attachment":"scroll","background-type":"","background-media":"","overlay-type":"","overlay-color":"","overlay-opacity":"","overlay-gradient":""},"mobile":{"background-color":"var(--ast-global-color-5)","background-image":"","background-repeat":"repeat","background-position":"center center","background-size":"auto","background-attachment":"scroll","background-type":"","background-media":"","overlay-type":"","overlay-color":"","overlay-opacity":"","overlay-gradient":""}},"footnotes":""},"class_list":["post-1931","page","type-page","status-publish","hentry"],"yoast_head":"<!-- This site is optimized with the Yoast SEO plugin v27.4 - https:\/\/yoast.com\/product\/yoast-seo-wordpress\/ -->\n<title>Fernumz\u00fcge Europa \u2013 Zuverl\u00e4ssig, schnell &amp; sicher umziehen<\/title>\n<meta name=\"description\" content=\"Mit Beste Europa Umz\u00fcge gelingt Ihr Fernumzug europaweit zuverl\u00e4ssig, sicher &amp; termingerecht \u2013 inkl. Planung, Transport &amp; Montage.\" \/>\n<meta name=\"robots\" content=\"index, follow, max-snippet:-1, max-image-preview:large, max-video-preview:-1\" \/>\n<link rel=\"canonical\" href=\"https:\/\/beste-europa-umzuge.de\/tr\/yaslanma-karsiti-tedavi\/\" \/>\n<meta property=\"og:locale\" content=\"tr_TR\" \/>\n<meta property=\"og:type\" content=\"article\" \/>\n<meta property=\"og:title\" content=\"Fernumz\u00fcge Europa \u2013 Zuverl\u00e4ssig, schnell &amp; sicher umziehen\" \/>\n<meta property=\"og:description\" content=\"Mit Beste Europa Umz\u00fcge gelingt Ihr Fernumzug europaweit zuverl\u00e4ssig, sicher &amp; termingerecht \u2013 inkl. Planung, Transport &amp; Montage.\" \/>\n<meta property=\"og:url\" content=\"https:\/\/beste-europa-umzuge.de\/tr\/yaslanma-karsiti-tedavi\/\" \/>\n<meta property=\"og:site_name\" content=\"Beste Europa Umz\u00fcge \u2013 Ihr zuverl\u00e4ssiger Partner f\u00fcr europaweite Umz\u00fcge\" \/>\n<meta property=\"article:modified_time\" content=\"2025-11-08T15:46:18+00:00\" \/>\n<meta property=\"og:image\" content=\"https:\/\/beste-europa-umzuge.de\/wp-content\/uploads\/2025\/07\/Image_fx-18.png\" \/>\n<meta name=\"twitter:card\" content=\"summary_large_image\" \/>\n<meta name=\"twitter:label1\" content=\"Tahmini okuma s\u00fcresi\" \/>\n\t<meta name=\"twitter:data1\" content=\"3 dakika\" \/>\n<script type=\"application\/ld+json\" class=\"yoast-schema-graph\">{\"@context\":\"https:\\\/\\\/schema.org\",\"@graph\":[{\"@type\":\"WebPage\",\"@id\":\"https:\\\/\\\/beste-europa-umzuge.de\\\/fernumzuege-zuverlaessig-schnell-deutschlandweit-organisiert\\\/\",\"url\":\"https:\\\/\\\/beste-europa-umzuge.de\\\/fernumzuege-zuverlaessig-schnell-deutschlandweit-organisiert\\\/\",\"name\":\"Fernumz\u00fcge Europa \u2013 Zuverl\u00e4ssig, schnell & sicher umziehen\",\"isPartOf\":{\"@id\":\"https:\\\/\\\/beste-europa-umzuge.de\\\/#website\"},\"primaryImageOfPage\":{\"@id\":\"https:\\\/\\\/beste-europa-umzuge.de\\\/fernumzuege-zuverlaessig-schnell-deutschlandweit-organisiert\\\/#primaryimage\"},\"image\":{\"@id\":\"https:\\\/\\\/beste-europa-umzuge.de\\\/fernumzuege-zuverlaessig-schnell-deutschlandweit-organisiert\\\/#primaryimage\"},\"thumbnailUrl\":\"https:\\\/\\\/beste-europa-umzuge.de\\\/wp-content\\\/uploads\\\/2025\\\/07\\\/Image_fx-18.png\",\"datePublished\":\"2025-04-25T16:04:04+00:00\",\"dateModified\":\"2025-11-08T15:46:18+00:00\",\"description\":\"Mit Beste Europa Umz\u00fcge gelingt Ihr Fernumzug europaweit zuverl\u00e4ssig, sicher & termingerecht \u2013 inkl. Planung, Transport & Montage.\",\"breadcrumb\":{\"@id\":\"https:\\\/\\\/beste-europa-umzuge.de\\\/fernumzuege-zuverlaessig-schnell-deutschlandweit-organisiert\\\/#breadcrumb\"},\"inLanguage\":\"tr\",\"potentialAction\":[{\"@type\":\"ReadAction\",\"target\":[\"https:\\\/\\\/beste-europa-umzuge.de\\\/fernumzuege-zuverlaessig-schnell-deutschlandweit-organisiert\\\/\"]}]},{\"@type\":\"ImageObject\",\"inLanguage\":\"tr\",\"@id\":\"https:\\\/\\\/beste-europa-umzuge.de\\\/fernumzuege-zuverlaessig-schnell-deutschlandweit-organisiert\\\/#primaryimage\",\"url\":\"https:\\\/\\\/beste-europa-umzuge.de\\\/wp-content\\\/uploads\\\/2025\\\/07\\\/Image_fx-18.png\",\"contentUrl\":\"https:\\\/\\\/beste-europa-umzuge.de\\\/wp-content\\\/uploads\\\/2025\\\/07\\\/Image_fx-18.png\"},{\"@type\":\"BreadcrumbList\",\"@id\":\"https:\\\/\\\/beste-europa-umzuge.de\\\/fernumzuege-zuverlaessig-schnell-deutschlandweit-organisiert\\\/#breadcrumb\",\"itemListElement\":[{\"@type\":\"ListItem\",\"position\":1,\"name\":\"Startseite\",\"item\":\"https:\\\/\\\/beste-europa-umzuge.de\\\/\"},{\"@type\":\"ListItem\",\"position\":2,\"name\":\"Fernumz\u00fcge \u2013 Zuverl\u00e4ssig, Schnell &#038; Deutschlandweit organisiert\"}]},{\"@type\":\"WebSite\",\"@id\":\"https:\\\/\\\/beste-europa-umzuge.de\\\/#website\",\"url\":\"https:\\\/\\\/beste-europa-umzuge.de\\\/\",\"name\":\"Beste Europa Umz\u00fcge \u2013 Ihr zuverl\u00e4ssiger Partner f\u00fcr europaweite Umz\u00fcge\",\"description\":\"Sicher, professionell und stressfrei umziehen \u2013 \u00fcberall in Europa.\",\"publisher\":{\"@id\":\"https:\\\/\\\/beste-europa-umzuge.de\\\/#organization\"},\"potentialAction\":[{\"@type\":\"SearchAction\",\"target\":{\"@type\":\"EntryPoint\",\"urlTemplate\":\"https:\\\/\\\/beste-europa-umzuge.de\\\/?s={search_term_string}\"},\"query-input\":{\"@type\":\"PropertyValueSpecification\",\"valueRequired\":true,\"valueName\":\"search_term_string\"}}],\"inLanguage\":\"tr\"},{\"@type\":\"Organization\",\"@id\":\"https:\\\/\\\/beste-europa-umzuge.de\\\/#organization\",\"name\":\"Beste Europa Umz\u00fcge \u2013 Ihr zuverl\u00e4ssiger Partner f\u00fcr europaweite Umz\u00fcge\",\"url\":\"https:\\\/\\\/beste-europa-umzuge.de\\\/\",\"logo\":{\"@type\":\"ImageObject\",\"inLanguage\":\"tr\",\"@id\":\"https:\\\/\\\/beste-europa-umzuge.de\\\/#\\\/schema\\\/logo\\\/image\\\/\",\"url\":\"https:\\\/\\\/beste-europa-umzuge.de\\\/wp-content\\\/uploads\\\/2025\\\/11\\\/cropped-f3c0fe3b1fccd2b55c775e50699457ffafe6a4d5bfbd312195273a4581563f28.png\",\"contentUrl\":\"https:\\\/\\\/beste-europa-umzuge.de\\\/wp-content\\\/uploads\\\/2025\\\/11\\\/cropped-f3c0fe3b1fccd2b55c775e50699457ffafe6a4d5bfbd312195273a4581563f28.png\",\"width\":1535,\"height\":512,\"caption\":\"Beste Europa Umz\u00fcge \u2013 Ihr zuverl\u00e4ssiger Partner f\u00fcr europaweite Umz\u00fcge\"},\"image\":{\"@id\":\"https:\\\/\\\/beste-europa-umzuge.de\\\/#\\\/schema\\\/logo\\\/image\\\/\"}}]}<\/script>\n<!-- \/ Yoast SEO plugin. -->","yoast_head_json":{"title":"Fernumz\u00fcge Europa \u2013 Zuverl\u00e4ssig, schnell & sicher umziehen","description":"Mit Beste Europa Umz\u00fcge gelingt Ihr Fernumzug europaweit zuverl\u00e4ssig, sicher & termingerecht \u2013 inkl. Planung, Transport & Montage.","robots":{"index":"index","follow":"follow","max-snippet":"max-snippet:-1","max-image-preview":"max-image-preview:large","max-video-preview":"max-video-preview:-1"},"canonical":"https:\/\/beste-europa-umzuge.de\/tr\/yaslanma-karsiti-tedavi\/","og_locale":"tr_TR","og_type":"article","og_title":"Fernumz\u00fcge Europa \u2013 Zuverl\u00e4ssig, schnell & sicher umziehen","og_description":"Mit Beste Europa Umz\u00fcge gelingt Ihr Fernumzug europaweit zuverl\u00e4ssig, sicher & termingerecht \u2013 inkl. Planung, Transport & Montage.","og_url":"https:\/\/beste-europa-umzuge.de\/tr\/yaslanma-karsiti-tedavi\/","og_site_name":"Beste Europa Umz\u00fcge \u2013 Ihr zuverl\u00e4ssiger Partner f\u00fcr europaweite Umz\u00fcge","article_modified_time":"2025-11-08T15:46:18+00:00","og_image":[{"url":"https:\/\/beste-europa-umzuge.de\/wp-content\/uploads\/2025\/07\/Image_fx-18.png","type":"","width":"","height":""}],"twitter_card":"summary_large_image","twitter_misc":{"Tahmini okuma s\u00fcresi":"3 dakika"},"schema":{"@context":"https:\/\/schema.org","@graph":[{"@type":"WebPage","@id":"https:\/\/beste-europa-umzuge.de\/fernumzuege-zuverlaessig-schnell-deutschlandweit-organisiert\/","url":"https:\/\/beste-europa-umzuge.de\/fernumzuege-zuverlaessig-schnell-deutschlandweit-organisiert\/","name":"Fernumz\u00fcge Europa \u2013 Zuverl\u00e4ssig, schnell & sicher umziehen","isPartOf":{"@id":"https:\/\/beste-europa-umzuge.de\/#website"},"primaryImageOfPage":{"@id":"https:\/\/beste-europa-umzuge.de\/fernumzuege-zuverlaessig-schnell-deutschlandweit-organisiert\/#primaryimage"},"image":{"@id":"https:\/\/beste-europa-umzuge.de\/fernumzuege-zuverlaessig-schnell-deutschlandweit-organisiert\/#primaryimage"},"thumbnailUrl":"https:\/\/beste-europa-umzuge.de\/wp-content\/uploads\/2025\/07\/Image_fx-18.png","datePublished":"2025-04-25T16:04:04+00:00","dateModified":"2025-11-08T15:46:18+00:00","description":"Mit Beste Europa Umz\u00fcge gelingt Ihr Fernumzug europaweit zuverl\u00e4ssig, sicher & termingerecht \u2013 inkl. Planung, Transport & Montage.","breadcrumb":{"@id":"https:\/\/beste-europa-umzuge.de\/fernumzuege-zuverlaessig-schnell-deutschlandweit-organisiert\/#breadcrumb"},"inLanguage":"tr","potentialAction":[{"@type":"ReadAction","target":["https:\/\/beste-europa-umzuge.de\/fernumzuege-zuverlaessig-schnell-deutschlandweit-organisiert\/"]}]},{"@type":"ImageObject","inLanguage":"tr","@id":"https:\/\/beste-europa-umzuge.de\/fernumzuege-zuverlaessig-schnell-deutschlandweit-organisiert\/#primaryimage","url":"https:\/\/beste-europa-umzuge.de\/wp-content\/uploads\/2025\/07\/Image_fx-18.png","contentUrl":"https:\/\/beste-europa-umzuge.de\/wp-content\/uploads\/2025\/07\/Image_fx-18.png"},{"@type":"BreadcrumbList","@id":"https:\/\/beste-europa-umzuge.de\/fernumzuege-zuverlaessig-schnell-deutschlandweit-organisiert\/#breadcrumb","itemListElement":[{"@type":"ListItem","position":1,"name":"Startseite","item":"https:\/\/beste-europa-umzuge.de\/"},{"@type":"ListItem","position":2,"name":"Fernumz\u00fcge \u2013 Zuverl\u00e4ssig, Schnell &#038; Deutschlandweit organisiert"}]},{"@type":"WebSite","@id":"https:\/\/beste-europa-umzuge.de\/#website","url":"https:\/\/beste-europa-umzuge.de\/","name":"Best Europe Removals \u2013 Avrupa genelindeki ta\u015f\u0131mac\u0131l\u0131kta g\u00fcvenilir orta\u011f\u0131n\u0131z","description":"Avrupa&#039;n\u0131n her yerine g\u00fcvenli, profesyonel ve stressiz bir \u015fekilde ta\u015f\u0131n\u0131n.","publisher":{"@id":"https:\/\/beste-europa-umzuge.de\/#organization"},"potentialAction":[{"@type":"SearchAction","target":{"@type":"EntryPoint","urlTemplate":"https:\/\/beste-europa-umzuge.de\/?s={search_term_string}"},"query-input":{"@type":"PropertyValueSpecification","valueRequired":true,"valueName":"search_term_string"}}],"inLanguage":"tr"},{"@type":"Organization","@id":"https:\/\/beste-europa-umzuge.de\/#organization","name":"Best Europe Removals \u2013 Avrupa genelindeki ta\u015f\u0131mac\u0131l\u0131kta g\u00fcvenilir orta\u011f\u0131n\u0131z","url":"https:\/\/beste-europa-umzuge.de\/","logo":{"@type":"ImageObject","inLanguage":"tr","@id":"https:\/\/beste-europa-umzuge.de\/#\/schema\/logo\/image\/","url":"https:\/\/beste-europa-umzuge.de\/wp-content\/uploads\/2025\/11\/cropped-f3c0fe3b1fccd2b55c775e50699457ffafe6a4d5bfbd312195273a4581563f28.png","contentUrl":"https:\/\/beste-europa-umzuge.de\/wp-content\/uploads\/2025\/11\/cropped-f3c0fe3b1fccd2b55c775e50699457ffafe6a4d5bfbd312195273a4581563f28.png","width":1535,"height":512,"caption":"Beste Europa Umz\u00fcge \u2013 Ihr zuverl\u00e4ssiger Partner f\u00fcr europaweite Umz\u00fcge"},"image":{"@id":"https:\/\/beste-europa-umzuge.de\/#\/schema\/logo\/image\/"}}]}},"_hostinger_reach_plugin_has_subscription_block":false,"_hostinger_reach_plugin_is_elementor":false,"uagb_featured_image_src":{"full":false,"thumbnail":false,"medium":false,"medium_large":false,"large":false,"1536x1536":false,"2048x2048":false,"trp-custom-language-flag":false},"uagb_author_info":{"display_name":"emilkemal4@gmail.com","author_link":"https:\/\/beste-europa-umzuge.de\/tr\/author\/emilkemal4gmail-com\/"},"uagb_comment_info":0,"uagb_excerpt":"Fernumz\u00fcge ab Europa","_links":{"self":[{"href":"https:\/\/beste-europa-umzuge.de\/tr\/wp-json\/wp\/v2\/pages\/1931","targetHints":{"allow":["GET"]}}],"collection":[{"href":"https:\/\/beste-europa-umzuge.de\/tr\/wp-json\/wp\/v2\/pages"}],"about":[{"href":"https:\/\/beste-europa-umzuge.de\/tr\/wp-json\/wp\/v2\/types\/page"}],"author":[{"embeddable":true,"href":"https:\/\/beste-europa-umzuge.de\/tr\/wp-json\/wp\/v2\/users\/1"}],"replies":[{"embeddable":true,"href":"https:\/\/beste-europa-umzuge.de\/tr\/wp-json\/wp\/v2\/comments?post=1931"}],"version-history":[{"count":22,"href":"https:\/\/beste-europa-umzuge.de\/tr\/wp-json\/wp\/v2\/pages\/1931\/revisions"}],"predecessor-version":[{"id":4186,"href":"https:\/\/beste-europa-umzuge.de\/tr\/wp-json\/wp\/v2\/pages\/1931\/revisions\/4186"}],"wp:attachment":[{"href":"https:\/\/beste-europa-umzuge.de\/tr\/wp-json\/wp\/v2\/media?parent=1931"}],"curies":[{"name":"wp","href":"https:\/\/api.w.org\/{rel}","templated":true}]}}