{"id":3015,"date":"2025-08-01T17:28:29","date_gmt":"2025-08-01T15:28:29","guid":{"rendered":"https:\/\/beste-europa-umzuge.de\/?page_id=3015"},"modified":"2025-10-31T22:35:47","modified_gmt":"2025-10-31T20:35:47","slug":"faq-seite","status":"publish","type":"page","link":"https:\/\/beste-europa-umzuge.de\/tr\/sss-sayfasi\/","title":{"rendered":"SSS sayfas\u0131"},"content":{"rendered":"<div class=\"wp-block-uagb-container uagb-block-4c3875af alignfull uagb-is-root-container\"><div class=\"uagb-container-inner-blocks-wrap\">\n<div class=\"wp-block-uagb-advanced-heading uagb-block-36237826\"><h1 class=\"uagb-heading-text\">SSS sayfas\u0131<\/h1><\/div>\n<\/div><\/div>\n\n\n\n<div class=\"wp-block-uagb-container uagb-block-6d65beaa alignfull uagb-is-root-container\"><div class=\"uagb-container-inner-blocks-wrap\">\n<div class=\"wp-block-uagb-container uagb-block-c1011c85\"><div class=\"wp-block-uagb-faq uagb-faq__outer-wrap uagb-block-6bc11954 uagb-faq-icon-row uagb-faq-layout-accordion uagb-faq-expand-first-true uagb-faq-inactive-other-true uagb-faq__wrap uagb-buttons-layout-wrap uagb-faq-equal-height\" data-faqtoggle=\"true\" role=\"tablist\"><div class=\"wp-block-uagb-faq-child uagb-faq-child__outer-wrap uagb-faq-item uagb-block-94fba455\" role=\"tab\" tabindex=\"0\"><div class=\"uagb-faq-questions-button uagb-faq-questions\">\t\t\t<span class=\"uagb-icon uagb-faq-icon-wrap\">\n\t\t\t\t\t\t\t\t<svg xmlns=\"https:\/\/www.w3.org\/2000\/svg\" viewbox= \"0 0 448 512\"><path d=\"M432 256c0 17.69-14.33 32.01-32 32.01H256v144c0 17.69-14.33 31.99-32 31.99s-32-14.3-32-31.99v-144H48c-17.67 0-32-14.32-32-32.01s14.33-31.99 32-31.99H192v-144c0-17.69 14.33-32.01 32-32.01s32 14.32 32 32.01v144h144C417.7 224 432 238.3 432 256z\"><\/path><\/svg>\n\t\t\t\t\t\t\t<\/span>\n\t\t\t\t\t\t<span class=\"uagb-icon-active uagb-faq-icon-wrap\">\n\t\t\t\t\t\t\t\t<svg xmlns=\"https:\/\/www.w3.org\/2000\/svg\" viewbox= \"0 0 448 512\"><path d=\"M400 288h-352c-17.69 0-32-14.32-32-32.01s14.31-31.99 32-31.99h352c17.69 0 32 14.3 32 31.99S417.7 288 400 288z\"><\/path><\/svg>\n\t\t\t\t\t\t\t<\/span>\n\t\t\t<span class=\"uagb-question\"><strong><strong>Beste Europa Umz\u00fcge Avrupa \u00e7ap\u0131nda ta\u015f\u0131nma hizmeti sunuyor mu?<\/strong><\/strong><\/span><\/div><div class=\"uagb-faq-content\"><p>Evet, Almanya&#039;dan Avrupa&#039;n\u0131n her yerine ta\u015f\u0131mac\u0131l\u0131k yap\u0131yoruz<br>Bel\u00e7ika, Hollanda ve Fransa \u00fczerinden Portekiz&#039;e<br>ve \u0130svi\u00e7re&#039;ye.<\/p><\/div><\/div><div class=\"wp-block-uagb-faq-child uagb-faq-child__outer-wrap uagb-faq-item uagb-block-1d7e235c\" role=\"tab\" tabindex=\"0\"><div class=\"uagb-faq-questions-button uagb-faq-questions\">\t\t\t<span class=\"uagb-icon uagb-faq-icon-wrap\">\n\t\t\t\t\t\t\t\t<svg xmlns=\"https:\/\/www.w3.org\/2000\/svg\" viewbox= \"0 0 448 512\"><path d=\"M432 256c0 17.69-14.33 32.01-32 32.01H256v144c0 17.69-14.33 31.99-32 31.99s-32-14.3-32-31.99v-144H48c-17.67 0-32-14.32-32-32.01s14.33-31.99 32-31.99H192v-144c0-17.69 14.33-32.01 32-32.01s32 14.32 32 32.01v144h144C417.7 224 432 238.3 432 256z\"><\/path><\/svg>\n\t\t\t\t\t\t\t<\/span>\n\t\t\t\t\t\t<span class=\"uagb-icon-active uagb-faq-icon-wrap\">\n\t\t\t\t\t\t\t\t<svg xmlns=\"https:\/\/www.w3.org\/2000\/svg\" viewbox= \"0 0 448 512\"><path d=\"M400 288h-352c-17.69 0-32-14.32-32-32.01s14.31-31.99 32-31.99h352c17.69 0 32 14.3 32 31.99S417.7 288 400 288z\"><\/path><\/svg>\n\t\t\t\t\t\t\t<\/span>\n\t\t\t<span class=\"uagb-question\"><strong>Beste Europa Umz\u00fcge ile ta\u015f\u0131nma nas\u0131l oluyor?<\/strong><\/span><\/div><div class=\"uagb-faq-content\"><p>Planlama, paketleme ve nakliyeyi biz \u00fcstleniyoruz.<br>ve teslimat \u2013 hepsi tek kaynaktan ve zaman\u0131nda.<\/p><\/div><\/div><div class=\"wp-block-uagb-faq-child uagb-faq-child__outer-wrap uagb-faq-item uagb-block-a5046af7\" role=\"tab\" tabindex=\"0\"><div class=\"uagb-faq-questions-button uagb-faq-questions\">\t\t\t<span class=\"uagb-icon uagb-faq-icon-wrap\">\n\t\t\t\t\t\t\t\t<svg xmlns=\"https:\/\/www.w3.org\/2000\/svg\" viewbox= \"0 0 448 512\"><path d=\"M432 256c0 17.69-14.33 32.01-32 32.01H256v144c0 17.69-14.33 31.99-32 31.99s-32-14.3-32-31.99v-144H48c-17.67 0-32-14.32-32-32.01s14.33-31.99 32-31.99H192v-144c0-17.69 14.33-32.01 32-32.01s32 14.32 32 32.01v144h144C417.7 224 432 238.3 432 256z\"><\/path><\/svg>\n\t\t\t\t\t\t\t<\/span>\n\t\t\t\t\t\t<span class=\"uagb-icon-active uagb-faq-icon-wrap\">\n\t\t\t\t\t\t\t\t<svg xmlns=\"https:\/\/www.w3.org\/2000\/svg\" viewbox= \"0 0 448 512\"><path d=\"M400 288h-352c-17.69 0-32-14.32-32-32.01s14.31-31.99 32-31.99h352c17.69 0 32 14.3 32 31.99S417.7 288 400 288z\"><\/path><\/svg>\n\t\t\t\t\t\t\t<\/span>\n\t\t\t<span class=\"uagb-question\"><strong>Mobilyalar\u0131m ve e\u015fyalar\u0131m sigortal\u0131 m\u0131?<\/strong><\/span><\/div><div class=\"uagb-faq-content\"><p>Evet, Beste Europa Umz\u00fcge&#039;den t\u00fcm ula\u015f\u0131mlar<br>Sigortal\u0131d\u0131rlar ve azami \u00f6zen g\u00f6sterilerek tedavi edileceklerdir.<\/p><\/div><\/div><div class=\"wp-block-uagb-faq-child uagb-faq-child__outer-wrap uagb-faq-item uagb-block-2bae378f\" role=\"tab\" tabindex=\"0\"><div class=\"uagb-faq-questions-button uagb-faq-questions\">\t\t\t<span class=\"uagb-icon uagb-faq-icon-wrap\">\n\t\t\t\t\t\t\t\t<svg xmlns=\"https:\/\/www.w3.org\/2000\/svg\" viewbox= \"0 0 448 512\"><path d=\"M432 256c0 17.69-14.33 32.01-32 32.01H256v144c0 17.69-14.33 31.99-32 31.99s-32-14.3-32-31.99v-144H48c-17.67 0-32-14.32-32-32.01s14.33-31.99 32-31.99H192v-144c0-17.69 14.33-32.01 32-32.01s32 14.32 32 32.01v144h144C417.7 224 432 238.3 432 256z\"><\/path><\/svg>\n\t\t\t\t\t\t\t<\/span>\n\t\t\t\t\t\t<span class=\"uagb-icon-active uagb-faq-icon-wrap\">\n\t\t\t\t\t\t\t\t<svg xmlns=\"https:\/\/www.w3.org\/2000\/svg\" viewbox= \"0 0 448 512\"><path d=\"M400 288h-352c-17.69 0-32-14.32-32-32.01s14.31-31.99 32-31.99h352c17.69 0 32 14.3 32 31.99S417.7 288 400 288z\"><\/path><\/svg>\n\t\t\t\t\t\t\t<\/span>\n\t\t\t<span class=\"uagb-question\"><strong>Beste Europa Umz\u00fcge hangi ek hizmetleri sunuyor?<\/strong><\/span><\/div><div class=\"uagb-faq-content\"><p>Geleneksel ta\u015f\u0131mac\u0131l\u0131k hizmetlerinin yan\u0131 s\u0131ra Avrupa genelinde montaj, depolama ve \u00f6zel ta\u015f\u0131mac\u0131l\u0131k hizmetleri de sunuyoruz.<\/p><\/div><\/div><div class=\"wp-block-uagb-faq-child uagb-faq-child__outer-wrap uagb-faq-item uagb-block-cdaabf96\" role=\"tab\" tabindex=\"0\"><div class=\"uagb-faq-questions-button uagb-faq-questions\">\t\t\t<span class=\"uagb-icon uagb-faq-icon-wrap\">\n\t\t\t\t\t\t\t\t<svg xmlns=\"https:\/\/www.w3.org\/2000\/svg\" viewbox= \"0 0 448 512\"><path d=\"M432 256c0 17.69-14.33 32.01-32 32.01H256v144c0 17.69-14.33 31.99-32 31.99s-32-14.3-32-31.99v-144H48c-17.67 0-32-14.32-32-32.01s14.33-31.99 32-31.99H192v-144c0-17.69 14.33-32.01 32-32.01s32 14.32 32 32.01v144h144C417.7 224 432 238.3 432 256z\"><\/path><\/svg>\n\t\t\t\t\t\t\t<\/span>\n\t\t\t\t\t\t<span class=\"uagb-icon-active uagb-faq-icon-wrap\">\n\t\t\t\t\t\t\t\t<svg xmlns=\"https:\/\/www.w3.org\/2000\/svg\" viewbox= \"0 0 448 512\"><path d=\"M400 288h-352c-17.69 0-32-14.32-32-32.01s14.31-31.99 32-31.99h352c17.69 0 32 14.3 32 31.99S417.7 288 400 288z\"><\/path><\/svg>\n\t\t\t\t\t\t\t<\/span>\n\t\t\t<span class=\"uagb-question\"><strong>Fiyat teklifi nas\u0131l alabilirim?<\/strong><\/span><\/div><div class=\"uagb-faq-content\"><p>Telefon, e-posta veya ileti\u015fim formumuz arac\u0131l\u0131\u011f\u0131yla bize ula\u015fabilirsiniz; size \u015feffaf ve ba\u011flay\u0131c\u0131 olmayan bir teklif g\u00f6nderece\u011fiz.<\/p><\/div><\/div><\/div><\/div>\n\n\n\n<div class=\"wp-block-uagb-container uagb-block-9d971f9c\"><div class=\"wp-block-uagb-faq uagb-faq__outer-wrap uagb-block-0701d95b uagb-faq-icon-row uagb-faq-layout-accordion uagb-faq-expand-first-true uagb-faq-inactive-other-true uagb-faq__wrap uagb-buttons-layout-wrap uagb-faq-equal-height\" data-faqtoggle=\"true\" role=\"tablist\"><div class=\"wp-block-uagb-faq-child uagb-faq-child__outer-wrap uagb-faq-item uagb-block-d39494be\" role=\"tab\" tabindex=\"0\"><div class=\"uagb-faq-questions-button uagb-faq-questions\">\t\t\t<span class=\"uagb-icon uagb-faq-icon-wrap\">\n\t\t\t\t\t\t\t\t<svg xmlns=\"https:\/\/www.w3.org\/2000\/svg\" viewbox= \"0 0 448 512\"><path d=\"M432 256c0 17.69-14.33 32.01-32 32.01H256v144c0 17.69-14.33 31.99-32 31.99s-32-14.3-32-31.99v-144H48c-17.67 0-32-14.32-32-32.01s14.33-31.99 32-31.99H192v-144c0-17.69 14.33-32.01 32-32.01s32 14.32 32 32.01v144h144C417.7 224 432 238.3 432 256z\"><\/path><\/svg>\n\t\t\t\t\t\t\t<\/span>\n\t\t\t\t\t\t<span class=\"uagb-icon-active uagb-faq-icon-wrap\">\n\t\t\t\t\t\t\t\t<svg xmlns=\"https:\/\/www.w3.org\/2000\/svg\" viewbox= \"0 0 448 512\"><path d=\"M400 288h-352c-17.69 0-32-14.32-32-32.01s14.31-31.99 32-31.99h352c17.69 0 32 14.3 32 31.99S417.7 288 400 288z\"><\/path><\/svg>\n\t\t\t\t\t\t\t<\/span>\n\t\t\t<span class=\"uagb-question\"><strong>Beste Europa Umz\u00fcge ayn\u0131 zamanda kurumsal ta\u015f\u0131nma i\u015flemlerini de ger\u00e7ekle\u015ftiriyor mu?<\/strong><\/span><\/div><div class=\"uagb-faq-content\"><p>Evet, Avrupa genelinde profesyonel ofis ta\u015f\u0131mac\u0131l\u0131\u011f\u0131 ve \u015firket ta\u015f\u0131mac\u0131l\u0131\u011f\u0131 organize ediyoruz; g\u00fcvenli ve \u00f6ng\u00f6r\u00fclebilir bir \u015fekilde.<\/p><\/div><\/div><div class=\"wp-block-uagb-faq-child uagb-faq-child__outer-wrap uagb-faq-item uagb-block-b6b15808\" role=\"tab\" tabindex=\"0\"><div class=\"uagb-faq-questions-button uagb-faq-questions\">\t\t\t<span class=\"uagb-icon uagb-faq-icon-wrap\">\n\t\t\t\t\t\t\t\t<svg xmlns=\"https:\/\/www.w3.org\/2000\/svg\" viewbox= \"0 0 448 512\"><path d=\"M432 256c0 17.69-14.33 32.01-32 32.01H256v144c0 17.69-14.33 31.99-32 31.99s-32-14.3-32-31.99v-144H48c-17.67 0-32-14.32-32-32.01s14.33-31.99 32-31.99H192v-144c0-17.69 14.33-32.01 32-32.01s32 14.32 32 32.01v144h144C417.7 224 432 238.3 432 256z\"><\/path><\/svg>\n\t\t\t\t\t\t\t<\/span>\n\t\t\t\t\t\t<span class=\"uagb-icon-active uagb-faq-icon-wrap\">\n\t\t\t\t\t\t\t\t<svg xmlns=\"https:\/\/www.w3.org\/2000\/svg\" viewbox= \"0 0 448 512\"><path d=\"M400 288h-352c-17.69 0-32-14.32-32-32.01s14.31-31.99 32-31.99h352c17.69 0 32 14.3 32 31.99S417.7 288 400 288z\"><\/path><\/svg>\n\t\t\t\t\t\t\t<\/span>\n\t\t\t<span class=\"uagb-question\"><strong>Beste Europa Umz\u00fcge k\u0131sa s\u00fcreli hamleleri halledebilecek mi?<\/strong><\/span><\/div><div class=\"uagb-faq-content\"><p>\u00c7o\u011fu durumda evet. Bizimle ileti\u015fime ge\u00e7in, en h\u0131zl\u0131 \u00e7\u00f6z\u00fcm\u00fc bulmak i\u00e7in birlikte \u00e7al\u0131\u015fal\u0131m.<\/p><\/div><\/div><div class=\"wp-block-uagb-faq-child uagb-faq-child__outer-wrap uagb-faq-item uagb-block-9d70aa84\" role=\"tab\" tabindex=\"0\"><div class=\"uagb-faq-questions-button uagb-faq-questions\">\t\t\t<span class=\"uagb-icon uagb-faq-icon-wrap\">\n\t\t\t\t\t\t\t\t<svg xmlns=\"https:\/\/www.w3.org\/2000\/svg\" viewbox= \"0 0 448 512\"><path d=\"M432 256c0 17.69-14.33 32.01-32 32.01H256v144c0 17.69-14.33 31.99-32 31.99s-32-14.3-32-31.99v-144H48c-17.67 0-32-14.32-32-32.01s14.33-31.99 32-31.99H192v-144c0-17.69 14.33-32.01 32-32.01s32 14.32 32 32.01v144h144C417.7 224 432 238.3 432 256z\"><\/path><\/svg>\n\t\t\t\t\t\t\t<\/span>\n\t\t\t\t\t\t<span class=\"uagb-icon-active uagb-faq-icon-wrap\">\n\t\t\t\t\t\t\t\t<svg xmlns=\"https:\/\/www.w3.org\/2000\/svg\" viewbox= \"0 0 448 512\"><path d=\"M400 288h-352c-17.69 0-32-14.32-32-32.01s14.31-31.99 32-31.99h352c17.69 0 32 14.3 32 31.99S417.7 288 400 288z\"><\/path><\/svg>\n\t\t\t\t\t\t\t<\/span>\n\t\t\t<span class=\"uagb-question\"><strong>Hassas veya de\u011ferli e\u015fyalar nas\u0131l ta\u015f\u0131n\u0131r?<\/strong><\/span><\/div><div class=\"uagb-faq-content\"><p>Ekibimiz maksimum koruma i\u00e7in \u00f6zel paketleme malzemeleri ve modern ta\u015f\u0131ma teknolojisini kullan\u0131r.<\/p><\/div><\/div><div class=\"wp-block-uagb-faq-child uagb-faq-child__outer-wrap uagb-faq-item uagb-block-0e760cdf\" role=\"tab\" tabindex=\"0\"><div class=\"uagb-faq-questions-button uagb-faq-questions\">\t\t\t<span class=\"uagb-icon uagb-faq-icon-wrap\">\n\t\t\t\t\t\t\t\t<svg xmlns=\"https:\/\/www.w3.org\/2000\/svg\" viewbox= \"0 0 448 512\"><path d=\"M432 256c0 17.69-14.33 32.01-32 32.01H256v144c0 17.69-14.33 31.99-32 31.99s-32-14.3-32-31.99v-144H48c-17.67 0-32-14.32-32-32.01s14.33-31.99 32-31.99H192v-144c0-17.69 14.33-32.01 32-32.01s32 14.32 32 32.01v144h144C417.7 224 432 238.3 432 256z\"><\/path><\/svg>\n\t\t\t\t\t\t\t<\/span>\n\t\t\t\t\t\t<span class=\"uagb-icon-active uagb-faq-icon-wrap\">\n\t\t\t\t\t\t\t\t<svg xmlns=\"https:\/\/www.w3.org\/2000\/svg\" viewbox= \"0 0 448 512\"><path d=\"M400 288h-352c-17.69 0-32-14.32-32-32.01s14.31-31.99 32-31.99h352c17.69 0 32 14.3 32 31.99S417.7 288 400 288z\"><\/path><\/svg>\n\t\t\t\t\t\t\t<\/span>\n\t\t\t<span class=\"uagb-question\"><strong>Herhangi bir gizli maliyet var m\u0131?<\/strong><\/span><\/div><div class=\"uagb-faq-content\"><p>Hay\u0131r, Beste Europa Umz\u00fcge&#039;de gizli \u00fccretler yoktur; yaln\u0131zca kararla\u015ft\u0131r\u0131lan tutar\u0131 \u00f6dersiniz.<\/p><\/div><\/div><div class=\"wp-block-uagb-faq-child uagb-faq-child__outer-wrap uagb-faq-item uagb-block-f4204703\" role=\"tab\" tabindex=\"0\"><div class=\"uagb-faq-questions-button uagb-faq-questions\">\t\t\t<span class=\"uagb-icon uagb-faq-icon-wrap\">\n\t\t\t\t\t\t\t\t<svg xmlns=\"https:\/\/www.w3.org\/2000\/svg\" viewbox= \"0 0 448 512\"><path d=\"M432 256c0 17.69-14.33 32.01-32 32.01H256v144c0 17.69-14.33 31.99-32 31.99s-32-14.3-32-31.99v-144H48c-17.67 0-32-14.32-32-32.01s14.33-31.99 32-31.99H192v-144c0-17.69 14.33-32.01 32-32.01s32 14.32 32 32.01v144h144C417.7 224 432 238.3 432 256z\"><\/path><\/svg>\n\t\t\t\t\t\t\t<\/span>\n\t\t\t\t\t\t<span class=\"uagb-icon-active uagb-faq-icon-wrap\">\n\t\t\t\t\t\t\t\t<svg xmlns=\"https:\/\/www.w3.org\/2000\/svg\" viewbox= \"0 0 448 512\"><path d=\"M400 288h-352c-17.69 0-32-14.32-32-32.01s14.31-31.99 32-31.99h352c17.69 0 32 14.3 32 31.99S417.7 288 400 288z\"><\/path><\/svg>\n\t\t\t\t\t\t\t<\/span>\n\t\t\t<span class=\"uagb-question\"><strong>Neden Best Europe Removals&#039;\u0131 se\u00e7meliyim?<\/strong><\/span><\/div><div class=\"uagb-faq-content\"><p>Deneyim, g\u00fcvenilirlik ve adil fiyatlar sundu\u011fumuz i\u00e7in bizimle ta\u015f\u0131nman\u0131z g\u00fcvenli, kolay ve stressiz olacakt\u0131r.<\/p><\/div><\/div><\/div><\/div>\n<\/div><\/div>","protected":false},"excerpt":{"rendered":"<p>SSS sayfas\u0131<\/p>","protected":false},"author":1,"featured_media":0,"parent":0,"menu_order":0,"comment_status":"closed","ping_status":"closed","template":"","meta":{"_uag_custom_page_level_css":"","site-sidebar-layout":"default","site-content-layout":"","ast-site-content-layout":"default","site-content-style":"default","site-sidebar-style":"default","ast-global-header-display":"","ast-banner-title-visibility":"","ast-main-header-display":"","ast-hfb-above-header-display":"","ast-hfb-below-header-display":"","ast-hfb-mobile-header-display":"","site-post-title":"disabled","ast-breadcrumbs-content":"","ast-featured-img":"","footer-sml-layout":"","ast-disable-related-posts":"","theme-transparent-header-meta":"","adv-header-id-meta":"","stick-header-meta":"","header-above-stick-meta":"","header-main-stick-meta":"","header-below-stick-meta":"","astra-migrate-meta-layouts":"set","ast-page-background-enabled":"default","ast-page-background-meta":{"desktop":{"background-color":"var(--ast-global-color-4)","background-image":"","background-repeat":"repeat","background-position":"center center","background-size":"auto","background-attachment":"scroll","background-type":"","background-media":"","overlay-type":"","overlay-color":"","overlay-opacity":"","overlay-gradient":""},"tablet":{"background-color":"","background-image":"","background-repeat":"repeat","background-position":"center center","background-size":"auto","background-attachment":"scroll","background-type":"","background-media":"","overlay-type":"","overlay-color":"","overlay-opacity":"","overlay-gradient":""},"mobile":{"background-color":"","background-image":"","background-repeat":"repeat","background-position":"center center","background-size":"auto","background-attachment":"scroll","background-type":"","background-media":"","overlay-type":"","overlay-color":"","overlay-opacity":"","overlay-gradient":""}},"ast-content-background-meta":{"desktop":{"background-color":"var(--ast-global-color-5)","background-image":"","background-repeat":"repeat","background-position":"center center","background-size":"auto","background-attachment":"scroll","background-type":"","background-media":"","overlay-type":"","overlay-color":"","overlay-opacity":"","overlay-gradient":""},"tablet":{"background-color":"var(--ast-global-color-5)","background-image":"","background-repeat":"repeat","background-position":"center center","background-size":"auto","background-attachment":"scroll","background-type":"","background-media":"","overlay-type":"","overlay-color":"","overlay-opacity":"","overlay-gradient":""},"mobile":{"background-color":"var(--ast-global-color-5)","background-image":"","background-repeat":"repeat","background-position":"center center","background-size":"auto","background-attachment":"scroll","background-type":"","background-media":"","overlay-type":"","overlay-color":"","overlay-opacity":"","overlay-gradient":""}},"footnotes":""},"class_list":["post-3015","page","type-page","status-publish","hentry"],"yoast_head":"<!-- This site is optimized with the Yoast SEO plugin v27.4 - https:\/\/yoast.com\/product\/yoast-seo-wordpress\/ -->\n<title>FAQ-Seite - Beste Europa Umz\u00fcge \u2013 Ihr zuverl\u00e4ssiger Partner f\u00fcr europaweite Umz\u00fcge<\/title>\n<meta name=\"robots\" content=\"index, follow, max-snippet:-1, max-image-preview:large, max-video-preview:-1\" \/>\n<link rel=\"canonical\" href=\"https:\/\/beste-europa-umzuge.de\/tr\/sss-sayfasi\/\" \/>\n<meta property=\"og:locale\" content=\"tr_TR\" \/>\n<meta property=\"og:type\" content=\"article\" \/>\n<meta property=\"og:title\" content=\"FAQ-Seite - Beste Europa Umz\u00fcge \u2013 Ihr zuverl\u00e4ssiger Partner f\u00fcr europaweite Umz\u00fcge\" \/>\n<meta property=\"og:description\" content=\"FAQ-Seite\" \/>\n<meta property=\"og:url\" content=\"https:\/\/beste-europa-umzuge.de\/tr\/sss-sayfasi\/\" \/>\n<meta property=\"og:site_name\" content=\"Beste Europa Umz\u00fcge \u2013 Ihr zuverl\u00e4ssiger Partner f\u00fcr europaweite Umz\u00fcge\" \/>\n<meta property=\"article:modified_time\" content=\"2025-10-31T20:35:47+00:00\" \/>\n<meta name=\"twitter:card\" content=\"summary_large_image\" \/>\n<script type=\"application\/ld+json\" class=\"yoast-schema-graph\">{\"@context\":\"https:\\\/\\\/schema.org\",\"@graph\":[{\"@type\":\"WebPage\",\"@id\":\"https:\\\/\\\/beste-europa-umzuge.de\\\/faq-seite\\\/\",\"url\":\"https:\\\/\\\/beste-europa-umzuge.de\\\/faq-seite\\\/\",\"name\":\"FAQ-Seite - Beste Europa Umz\u00fcge \u2013 Ihr zuverl\u00e4ssiger Partner f\u00fcr europaweite Umz\u00fcge\",\"isPartOf\":{\"@id\":\"https:\\\/\\\/beste-europa-umzuge.de\\\/#website\"},\"datePublished\":\"2025-08-01T15:28:29+00:00\",\"dateModified\":\"2025-10-31T20:35:47+00:00\",\"breadcrumb\":{\"@id\":\"https:\\\/\\\/beste-europa-umzuge.de\\\/faq-seite\\\/#breadcrumb\"},\"inLanguage\":\"tr\",\"potentialAction\":[{\"@type\":\"ReadAction\",\"target\":[\"https:\\\/\\\/beste-europa-umzuge.de\\\/faq-seite\\\/\"]}]},{\"@type\":\"BreadcrumbList\",\"@id\":\"https:\\\/\\\/beste-europa-umzuge.de\\\/faq-seite\\\/#breadcrumb\",\"itemListElement\":[{\"@type\":\"ListItem\",\"position\":1,\"name\":\"Startseite\",\"item\":\"https:\\\/\\\/beste-europa-umzuge.de\\\/\"},{\"@type\":\"ListItem\",\"position\":2,\"name\":\"FAQ-Seite\"}]},{\"@type\":\"WebSite\",\"@id\":\"https:\\\/\\\/beste-europa-umzuge.de\\\/#website\",\"url\":\"https:\\\/\\\/beste-europa-umzuge.de\\\/\",\"name\":\"Beste Europa Umz\u00fcge \u2013 Ihr zuverl\u00e4ssiger Partner f\u00fcr europaweite Umz\u00fcge\",\"description\":\"Sicher, professionell und stressfrei umziehen \u2013 \u00fcberall in Europa.\",\"publisher\":{\"@id\":\"https:\\\/\\\/beste-europa-umzuge.de\\\/#organization\"},\"potentialAction\":[{\"@type\":\"SearchAction\",\"target\":{\"@type\":\"EntryPoint\",\"urlTemplate\":\"https:\\\/\\\/beste-europa-umzuge.de\\\/?s={search_term_string}\"},\"query-input\":{\"@type\":\"PropertyValueSpecification\",\"valueRequired\":true,\"valueName\":\"search_term_string\"}}],\"inLanguage\":\"tr\"},{\"@type\":\"Organization\",\"@id\":\"https:\\\/\\\/beste-europa-umzuge.de\\\/#organization\",\"name\":\"Beste Europa Umz\u00fcge \u2013 Ihr zuverl\u00e4ssiger Partner f\u00fcr europaweite Umz\u00fcge\",\"url\":\"https:\\\/\\\/beste-europa-umzuge.de\\\/\",\"logo\":{\"@type\":\"ImageObject\",\"inLanguage\":\"tr\",\"@id\":\"https:\\\/\\\/beste-europa-umzuge.de\\\/#\\\/schema\\\/logo\\\/image\\\/\",\"url\":\"https:\\\/\\\/beste-europa-umzuge.de\\\/wp-content\\\/uploads\\\/2025\\\/11\\\/cropped-f3c0fe3b1fccd2b55c775e50699457ffafe6a4d5bfbd312195273a4581563f28.png\",\"contentUrl\":\"https:\\\/\\\/beste-europa-umzuge.de\\\/wp-content\\\/uploads\\\/2025\\\/11\\\/cropped-f3c0fe3b1fccd2b55c775e50699457ffafe6a4d5bfbd312195273a4581563f28.png\",\"width\":1535,\"height\":512,\"caption\":\"Beste Europa Umz\u00fcge \u2013 Ihr zuverl\u00e4ssiger Partner f\u00fcr europaweite Umz\u00fcge\"},\"image\":{\"@id\":\"https:\\\/\\\/beste-europa-umzuge.de\\\/#\\\/schema\\\/logo\\\/image\\\/\"}}]}<\/script>\n<!-- \/ Yoast SEO plugin. -->","yoast_head_json":{"title":"FAQ-Seite - Beste Europa Umz\u00fcge \u2013 Ihr zuverl\u00e4ssiger Partner f\u00fcr europaweite Umz\u00fcge","robots":{"index":"index","follow":"follow","max-snippet":"max-snippet:-1","max-image-preview":"max-image-preview:large","max-video-preview":"max-video-preview:-1"},"canonical":"https:\/\/beste-europa-umzuge.de\/tr\/sss-sayfasi\/","og_locale":"tr_TR","og_type":"article","og_title":"FAQ-Seite - Beste Europa Umz\u00fcge \u2013 Ihr zuverl\u00e4ssiger Partner f\u00fcr europaweite Umz\u00fcge","og_description":"FAQ-Seite","og_url":"https:\/\/beste-europa-umzuge.de\/tr\/sss-sayfasi\/","og_site_name":"Beste Europa Umz\u00fcge \u2013 Ihr zuverl\u00e4ssiger Partner f\u00fcr europaweite Umz\u00fcge","article_modified_time":"2025-10-31T20:35:47+00:00","twitter_card":"summary_large_image","schema":{"@context":"https:\/\/schema.org","@graph":[{"@type":"WebPage","@id":"https:\/\/beste-europa-umzuge.de\/faq-seite\/","url":"https:\/\/beste-europa-umzuge.de\/faq-seite\/","name":"FAQ-Seite - Beste Europa Umz\u00fcge \u2013 Ihr zuverl\u00e4ssiger Partner f\u00fcr europaweite Umz\u00fcge","isPartOf":{"@id":"https:\/\/beste-europa-umzuge.de\/#website"},"datePublished":"2025-08-01T15:28:29+00:00","dateModified":"2025-10-31T20:35:47+00:00","breadcrumb":{"@id":"https:\/\/beste-europa-umzuge.de\/faq-seite\/#breadcrumb"},"inLanguage":"tr","potentialAction":[{"@type":"ReadAction","target":["https:\/\/beste-europa-umzuge.de\/faq-seite\/"]}]},{"@type":"BreadcrumbList","@id":"https:\/\/beste-europa-umzuge.de\/faq-seite\/#breadcrumb","itemListElement":[{"@type":"ListItem","position":1,"name":"Startseite","item":"https:\/\/beste-europa-umzuge.de\/"},{"@type":"ListItem","position":2,"name":"FAQ-Seite"}]},{"@type":"WebSite","@id":"https:\/\/beste-europa-umzuge.de\/#website","url":"https:\/\/beste-europa-umzuge.de\/","name":"Best Europe Removals \u2013 Avrupa genelindeki ta\u015f\u0131mac\u0131l\u0131kta g\u00fcvenilir orta\u011f\u0131n\u0131z","description":"Avrupa&#039;n\u0131n her yerine g\u00fcvenli, profesyonel ve stressiz bir \u015fekilde ta\u015f\u0131n\u0131n.","publisher":{"@id":"https:\/\/beste-europa-umzuge.de\/#organization"},"potentialAction":[{"@type":"SearchAction","target":{"@type":"EntryPoint","urlTemplate":"https:\/\/beste-europa-umzuge.de\/?s={search_term_string}"},"query-input":{"@type":"PropertyValueSpecification","valueRequired":true,"valueName":"search_term_string"}}],"inLanguage":"tr"},{"@type":"Organization","@id":"https:\/\/beste-europa-umzuge.de\/#organization","name":"Best Europe Removals \u2013 Avrupa genelindeki ta\u015f\u0131mac\u0131l\u0131kta g\u00fcvenilir orta\u011f\u0131n\u0131z","url":"https:\/\/beste-europa-umzuge.de\/","logo":{"@type":"ImageObject","inLanguage":"tr","@id":"https:\/\/beste-europa-umzuge.de\/#\/schema\/logo\/image\/","url":"https:\/\/beste-europa-umzuge.de\/wp-content\/uploads\/2025\/11\/cropped-f3c0fe3b1fccd2b55c775e50699457ffafe6a4d5bfbd312195273a4581563f28.png","contentUrl":"https:\/\/beste-europa-umzuge.de\/wp-content\/uploads\/2025\/11\/cropped-f3c0fe3b1fccd2b55c775e50699457ffafe6a4d5bfbd312195273a4581563f28.png","width":1535,"height":512,"caption":"Beste Europa Umz\u00fcge \u2013 Ihr zuverl\u00e4ssiger Partner f\u00fcr europaweite Umz\u00fcge"},"image":{"@id":"https:\/\/beste-europa-umzuge.de\/#\/schema\/logo\/image\/"}}]}},"_hostinger_reach_plugin_has_subscription_block":false,"_hostinger_reach_plugin_is_elementor":false,"uagb_featured_image_src":{"full":false,"thumbnail":false,"medium":false,"medium_large":false,"large":false,"1536x1536":false,"2048x2048":false,"trp-custom-language-flag":false},"uagb_author_info":{"display_name":"emilkemal4@gmail.com","author_link":"https:\/\/beste-europa-umzuge.de\/tr\/author\/emilkemal4gmail-com\/"},"uagb_comment_info":0,"uagb_excerpt":"FAQ-Seite","_links":{"self":[{"href":"https:\/\/beste-europa-umzuge.de\/tr\/wp-json\/wp\/v2\/pages\/3015","targetHints":{"allow":["GET"]}}],"collection":[{"href":"https:\/\/beste-europa-umzuge.de\/tr\/wp-json\/wp\/v2\/pages"}],"about":[{"href":"https:\/\/beste-europa-umzuge.de\/tr\/wp-json\/wp\/v2\/types\/page"}],"author":[{"embeddable":true,"href":"https:\/\/beste-europa-umzuge.de\/tr\/wp-json\/wp\/v2\/users\/1"}],"replies":[{"embeddable":true,"href":"https:\/\/beste-europa-umzuge.de\/tr\/wp-json\/wp\/v2\/comments?post=3015"}],"version-history":[{"count":21,"href":"https:\/\/beste-europa-umzuge.de\/tr\/wp-json\/wp\/v2\/pages\/3015\/revisions"}],"predecessor-version":[{"id":4125,"href":"https:\/\/beste-europa-umzuge.de\/tr\/wp-json\/wp\/v2\/pages\/3015\/revisions\/4125"}],"wp:attachment":[{"href":"https:\/\/beste-europa-umzuge.de\/tr\/wp-json\/wp\/v2\/media?parent=3015"}],"curies":[{"name":"wp","href":"https:\/\/api.w.org\/{rel}","templated":true}]}}